{"id":32,"date":"2023-11-07T14:11:51","date_gmt":"2023-11-07T13:11:51","guid":{"rendered":"https:\/\/ayn.templweb.com\/foretag\/?page_id=32"},"modified":"2023-12-19T16:31:44","modified_gmt":"2023-12-19T15:31:44","slug":"kopvillkor","status":"publish","type":"page","link":"https:\/\/ayn.templweb.com\/foretag\/kopvillkor\/","title":{"rendered":"K\u00f6pvillkor"},"content":{"rendered":"\n\n  <div class=\"banner has-hover stripe turkos\" id=\"banner-399753689\">\n          <div class=\"banner-inner fill\">\n        <div class=\"banner-bg fill\" >\n            <div class=\"bg fill bg-fill \"><\/div>\n                                    \n                    <\/div>\n\t\t\n        <div class=\"banner-layers container\">\n            <div class=\"fill banner-link\"><\/div>            \n\n   <div id=\"text-box-1183374788\" class=\"text-box banner-layer x50 md-x50 lg-x50 y50 md-y50 lg-y50 res-text\">\n                                <div class=\"text-box-content text dark\">\n              \n              <div class=\"text-inner text-center\">\n                  \n\n<h1>K\u00d6PVILLKOR<\/h1>\n\n              <\/div>\n           <\/div>\n                            \n<style>\n#text-box-1183374788 {\n  width: 83%;\n}\n#text-box-1183374788 .text-box-content {\n  font-size: 100%;\n}\n@media (min-width:550px) {\n  #text-box-1183374788 {\n    width: 60%;\n  }\n}\n<\/style>\n    <\/div>\n \n\n        <\/div>\n      <\/div>\n\n            \n<style>\n#banner-399753689 {\n  padding-top: 190px;\n}\n@media (min-width:550px) {\n  #banner-399753689 {\n    padding-top: 235px;\n  }\n}\n<\/style>\n  <\/div>\n\n\n\t<section class=\"section\" id=\"section_1636509921\">\n\t\t<div class=\"bg section-bg fill bg-fill  bg-loaded\" >\n\n\t\t\t\n\t\t\t\n\t\t\t\n\n\t\t<\/div>\n\n\t\t\n\n\t\t<div class=\"section-content relative\">\n\t\t\t\n\n<div class=\"row\"  id=\"row-349522350\">\n\n\n\t<div id=\"col-943479963\" class=\"col small-12 large-12\"  >\n\t\t\t\t<div class=\"col-inner\"  >\n\t\t\t\n\t\t\t\n\n<h2>K\u00f6pvillkoren f\u00f6r Hemmakv\u00e4ll<\/h2>\n<p>G\u00e4ller fr\u00e5n: 2023-12-20<\/p>\n\n\t\t<\/div>\n\t\t\t\t\t<\/div>\n\n\t\n\n<\/div>\n<div class=\"row\"  id=\"row-66031448\">\n\n\n\t<div id=\"col-1202308888\" class=\"col small-12 large-12\"  >\n\t\t\t\t<div class=\"col-inner\"  >\n\t\t\t\n\t\t\t\n\n<h3>ALLM\u00c4NNA UPPGIFTER<\/h3>\n<p>Hemmakv\u00e4ll AB<br \/>Hjarlmar Brantings v\u00e4g 41<br \/>261 43 Landskrona<br \/>Org.nr: 556344\u20134933<br \/>Kontakta oss via mejl<br \/>Telefon: 0418-56170<\/p>\n<h3>S\u00c5 H\u00c4R HANDLAR DU HOS OSS<\/h3>\n<p>F\u00f6r att g\u00f6ra ett k\u00f6p p\u00e5 Hemmakv\u00e4ll.se ska du g\u00e5 igenom 5 steg.<\/p>\n<ul>\n<li>Hitta den eller de varor du vill ha och l\u00e4gg dem i varukorgen.<\/li>\n<li>G\u00e5 sedan till kassan.<\/li>\n<li>Skriv in dina personuppgifter.<\/li>\n<li>V\u00e4lj betalningss\u00e4tt.<\/li>\n<li>Godk\u00e4nn v\u00e5ra k\u00f6pvillkor.<\/li>\n<li>Kontrollera att alla uppgifter \u00e4r korrekta p\u00e5 samlingssidan och godk\u00e4nn<br \/>k\u00f6pet.<\/li>\n<\/ul>\n<h3>BEST\u00c4LLNING AV VAROR<\/h3>\n<p>P\u00e5 hemmakvall.se kan du endast best\u00e4lla de varor som ligger uppe.<br \/>Alla priser \u00e4r inkl. moms och andra avgifter exempelvis pant vid k\u00f6p av dryck.<br \/>Under f\u00f6ruts\u00e4ttning att Ni har ett login som f\u00f6retag har ni m\u00f6jlighet att se tidigare<br \/>best\u00e4llningar.<\/p>\n<h3>BETALNING<\/h3>\n<p>Du betalar smidigt via Klarna och v\u00e4ljer d\u00e4r sj\u00e4lv hur du vill betala din order, ni betalar alltid endast f\u00f6r faktiskt levererade varor.<br \/>Det tillkommer ingen avgift vid betalning p\u00e5 hemmakvall.se. Alla priser \u00e4r i svenska kronor (SEK). Vi f\u00f6rbeh\u00e5ller oss r\u00e4tten att \u00e4ndra priserna utan f\u00f6reg\u00e5ende avisering, dock inte efter att ett k\u00f6p har genomf\u00f6rts.<\/p>\n<h3>\u00c5NGERR\u00c4TT &amp; REKLAMATION<\/h3>\n<p>Om det \u00e4r fel p\u00e5 n\u00e5gon vara eller om en vara saknas m\u00e5ste du anm\u00e4la detta s\u00e5 snart du har uppt\u00e4ckt felet till den butik de h\u00e4mtade upp best\u00e4llningen i. Mejladresser till dem hittar du h\u00e4r. Det \u00e4r naturligtvis ett krav att reklamationen \u00e4r ber\u00e4ttigad och att felet inte har uppkommit till f\u00f6ljd av felaktigt bruk av produkten eller annat skadev\u00e5llande beteende. Vid k\u00f6p av varor p\u00e5 hemmakvall.se har du som kund en lagstiftad 14 dagars \u00e5ngerr\u00e4tt<br \/>som g\u00e4ller fr\u00e5n det att du har tagit emot en vara som du har best\u00e4llt.<\/p>\n<p>L\u00e4s hela Distans och hemf\u00f6rs\u00e4ljningslagen <a href=\"https:\/\/www.konsumentverket.se\/for-foretag\/konsumentratt-for-foretagare\/lagen-om-distansavtal-och-avtal-utanfor-affarslokaler\/\"><span style=\"text-decoration: underline;\">h\u00e4r<\/span><\/a>!<br \/>Det inneb\u00e4r en r\u00e4tt att inom 14 dagar fr\u00e5n leverans \u00e5ngra k\u00f6p av vissa varor. \u00c5ngerr\u00e4tten g\u00e4ller inte varor som p\u00e5 grund av sin beskaffenhet inte kan \u00e5terl\u00e4mnas eller som snabbt kan f\u00f6rs\u00e4mras eller bli f\u00f6r gamla. Livsmedel ing\u00e5r i en kategori d\u00e4r \u00e5ngerr\u00e4tten inte g\u00e4ller, d\u00e5 livsmedel ofta kan snabbt f\u00f6r\u00e4ndras. Du har r\u00e4tt att unders\u00f6ka varan men den ska vara i s\u00e5 kallat v\u00e4sentligen of\u00f6r\u00e4ndrat skick, vilket inneb\u00e4r att varan ska vara i gott skick och att originalemballaget ska finnas kvar. Kund som vill ut\u00f6va sin \u00e5ngerr\u00e4tt ska kontakta den butik de h\u00e4mtade upp best\u00e4llningen i. Mejladresser till dem hittar du h\u00e4r.<\/p>\n<p><strong>Vid nyttjande av din \u00e5ngerr\u00e4tt:<\/strong><br \/>Du m\u00e5ste meddela att du \u00e5ngrar dig. Mejla d\u00e5 till den butik som du h\u00e4mtade ut din best\u00e4llning i. I ditt meddelande m\u00e5ste du tydligt uppm\u00e4rksamma oss p\u00e5 att du \u00f6nskar utnyttja din \u00e5ngerr\u00e4tt. Du hittar mejladresser till alla v\u00e5ra butiker <a href=\"\/foretag\/hitta-butik\/\"><span style=\"text-decoration: underline;\">h\u00e4r<\/span><\/a>. I ditt meddelande ska ditt namn, din adress, e-postadress, ordernumret samt vilka varor som returneringen g\u00e4ller framg\u00e5 klart och tydligt. Du b\u00f6r omedelbart och senast inom lagstiftad 14 dagar efter \u00e5ngermeddelandet returnera produkterna till oss. Retur sker direkt i den butik som du h\u00e4mtade ut din best\u00e4llning i. P\u00e5 \u00e5terbetalningsbeloppet f\u00f6rbeh\u00e5ller vi oss r\u00e4tten att dra av en summa motsvarande v\u00e4rdeminskningen j\u00e4mf\u00f6rt med varans ursprungliga v\u00e4rde vid anv\u00e4nd eller skadad produkt.<\/p>\n<p><strong>\u00c5ngerr\u00e4tten g\u00e4ller inte vid:<\/strong><br \/>Produkter som p\u00e5 grund av h\u00e4lso- eller hygiensk\u00e4l har f\u00f6rseglats (plomberats) och d\u00e4r f\u00f6rseglingen (plomberingen) har brutits av dig.<\/p>\n<p>Specialtillverkad produkt, som har skr\u00e4ddarsytts s\u00e4rskilt \u00e5t dig eller har en tydlig<br \/>personlig pr\u00e4gel efter dina \u00f6nskem\u00e5l. Tj\u00e4nster som har fullgjorts och d\u00e4r du uttryckligen har samtyckt till att tj\u00e4nsten p\u00e5b\u00f6rjas utan \u00e5ngerr\u00e4tt.<br \/>Varor som snabbt kan f\u00f6rs\u00e4mras, exempelvis livsmedel.<br \/>Vid k\u00f6p av l\u00f6sgodis g\u00e4ller inte \u00e5ngerr\u00e4tten av h\u00e4lsoskydds- eller hygienm\u00e4ssiga orsaker.<\/p>\n<h3>FORCE MAJEURE<\/h3>\n<p>Skulle hemmakvall.se p\u00e5 grund av omst\u00e4ndighet, som kan anses ligga bortom<br \/>hemmakvall.se:s kontroll (\u201dForce majeure\u201d), vara f\u00f6rhindrad att utf\u00f6ra v\u00e5ra \u00e5taganden gentemot dig, utg\u00f6r detta inte ett avtalsbrott. \u00c4ven vid Force majeure-situationer kommer hemmakvall.se alltid att i m\u00f6jligaste m\u00e5n f\u00f6rs\u00f6ka utf\u00f6ra v\u00e5ra \u00e5taganden och i de fall d\u00e4r detta inte \u00e4r m\u00f6jligt i sk\u00e4lig omfattning kompensera dig.<\/p>\n<h3>TVIST<\/h3>\n<p>Vid en eventuell tvist h\u00e4nvisas du till Allm\u00e4nna Reklamationsn\u00e4mnden.<br \/>Allm\u00e4nna reklamationsn\u00e4mnden<br \/>Box 174<br \/>101 23 Stockholm<br \/><span style=\"text-decoration: underline;\"><a href=\"http:\/\/www.arn.se\">www.arn.se<\/a><\/span><\/p>\n<p>Hemmakv\u00e4ll AB f\u00f6ljer alltid Allm\u00e4nna Reklamationsn\u00e4mndens rekommendationer.<\/p>\n<p>Som konsument har du m\u00f6jlighet att anv\u00e4nda dig av EU-kommissionens\u00a0<a href=\"https:\/\/ec.europa.eu\/consumers\/odr\/main\/index.cfm?event=main.home2.show&amp;lng=SV\"><span style=\"text-decoration: underline;\">ODR-<\/span><\/a><br \/><span style=\"text-decoration: underline;\">plattform<\/span>\u00a0(online dispute resolution) r\u00f6rande tvistl\u00f6sning p\u00e5 n\u00e4tet.<\/p>\n<h3>HUR BEHANDLAR VI DINA PERSONUPPGIFTER?<\/h3>\n<p>F\u00f6r att du ska kunna ing\u00e5 avtal med oss p\u00e5 hemmakvall.se beh\u00f6ver vi f\u00f6ljande uppgifter:<\/p>\n<ul>\n<li>Namn<\/li>\n<li>Adress<\/li>\n<li>Telefonnummer<\/li>\n<li>E-postadress<\/li>\n<\/ul>\n<p>Vi registrerar dina personuppgifter hos Hemmakv\u00e4ll AB med syftet att kunna packa ihop din best\u00e4llning.<\/p>\n<p>N\u00e4r personuppgifter samlas in via v\u00e5r webbplats s\u00e4kerst\u00e4ller vi att det alltid sker med ditt uttryckliga samtycke s\u00e5 att du \u00e4r informerad om exakt vilka uppgifter som samlas in och varf\u00f6r.<br \/>Vi f\u00f6rvarar inte kunduppgifter krypterat.<br \/>Vi \u00f6verf\u00f6r inte kunduppgifter krypterat.<\/p>\n<p>Uppgifter som l\u00e4mnats till Hemmakv\u00e4ll AB f\u00f6rmedlas eller s\u00e4ljs inte p\u00e5 n\u00e5got s\u00e4tt vidare till tredje part, och vi registrerar inga k\u00e4nsliga personuppgifter.<br \/>Som registrerad hos Hemmakv\u00e4ll AB har du alltid r\u00e4tt att inv\u00e4nda mot registreringen. Du har \u00e4ven tillg\u00e5ng till de uppgifter som har registrerats om dig. Dessa r\u00e4ttigheter har du enligt Personuppgiftslagen, och f\u00f6rfr\u00e5gan i samband h\u00e4rmed st\u00e4lls till Hemmakv\u00e4ll AB via e-post till\u00a0<span style=\"text-decoration: underline;\"><a href=\"mailto:kundservice@hemmakvall.se\">kundservice@hemmakvall.se<\/a><\/span>.<\/p>\n\n\t\t<\/div>\n\t\t\t\t\t<\/div>\n\n\t\n\n<\/div>\n\n\t\t<\/div>\n\n\t\t\n<style>\n#section_1636509921 {\n  padding-top: 30px;\n  padding-bottom: 30px;\n}\n<\/style>\n\t<\/section>\n\t\n\n","protected":false},"excerpt":{"rendered":"","protected":false},"author":1,"featured_media":0,"parent":0,"menu_order":0,"comment_status":"closed","ping_status":"closed","template":"page-blank.php","meta":{"_acf_changed":false,"footnotes":""},"class_list":["post-32","page","type-page","status-publish","hentry"],"acf":[],"yoast_head":"<!-- This site is optimized with the Yoast SEO plugin v26.6 - https:\/\/yoast.com\/wordpress\/plugins\/seo\/ -->\n<title>K\u00f6pvillkor - Hemmakv\u00e4ll - F\u00f6retag<\/title>\n<meta name=\"robots\" content=\"index, follow, max-snippet:-1, max-image-preview:large, max-video-preview:-1\" \/>\n<link rel=\"canonical\" href=\"https:\/\/ayn.templweb.com\/foretag\/kopvillkor\/\" \/>\n<meta property=\"og:locale\" content=\"sv_SE\" \/>\n<meta property=\"og:type\" content=\"article\" \/>\n<meta property=\"og:title\" content=\"K\u00f6pvillkor - Hemmakv\u00e4ll - F\u00f6retag\" \/>\n<meta property=\"og:url\" content=\"https:\/\/ayn.templweb.com\/foretag\/kopvillkor\/\" \/>\n<meta property=\"og:site_name\" content=\"Hemmakv\u00e4ll - F\u00f6retag\" \/>\n<meta property=\"article:modified_time\" content=\"2023-12-19T15:31:44+00:00\" \/>\n<meta property=\"og:image\" content=\"https:\/\/ayn.templweb.com\/foretag\/wp-content\/uploads\/sites\/2\/2023\/12\/sektion_21_square.jpg\" \/>\n\t<meta property=\"og:image:width\" content=\"1200\" \/>\n\t<meta property=\"og:image:height\" content=\"1200\" \/>\n\t<meta property=\"og:image:type\" content=\"image\/jpeg\" \/>\n<meta name=\"twitter:card\" content=\"summary_large_image\" \/>\n<meta name=\"twitter:label1\" content=\"Ber\u00e4knad l\u00e4stid\" \/>\n\t<meta name=\"twitter:data1\" content=\"5 minuter\" \/>\n<script type=\"application\/ld+json\" class=\"yoast-schema-graph\">{\"@context\":\"https:\/\/schema.org\",\"@graph\":[{\"@type\":\"WebPage\",\"@id\":\"https:\/\/ayn.templweb.com\/foretag\/kopvillkor\/\",\"url\":\"https:\/\/ayn.templweb.com\/foretag\/kopvillkor\/\",\"name\":\"K\u00f6pvillkor - Hemmakv\u00e4ll - F\u00f6retag\",\"isPartOf\":{\"@id\":\"https:\/\/ayn.templweb.com\/foretag\/#website\"},\"datePublished\":\"2023-11-07T13:11:51+00:00\",\"dateModified\":\"2023-12-19T15:31:44+00:00\",\"breadcrumb\":{\"@id\":\"https:\/\/ayn.templweb.com\/foretag\/kopvillkor\/#breadcrumb\"},\"inLanguage\":\"sv-SE\",\"potentialAction\":[{\"@type\":\"ReadAction\",\"target\":[\"https:\/\/ayn.templweb.com\/foretag\/kopvillkor\/\"]}]},{\"@type\":\"BreadcrumbList\",\"@id\":\"https:\/\/ayn.templweb.com\/foretag\/kopvillkor\/#breadcrumb\",\"itemListElement\":[{\"@type\":\"ListItem\",\"position\":1,\"name\":\"Hem\",\"item\":\"https:\/\/ayn.templweb.com\/foretag\/\"},{\"@type\":\"ListItem\",\"position\":2,\"name\":\"K\u00f6pvillkor\"}]},{\"@type\":\"WebSite\",\"@id\":\"https:\/\/ayn.templweb.com\/foretag\/#website\",\"url\":\"https:\/\/ayn.templweb.com\/foretag\/\",\"name\":\"Hemmakv\u00e4ll - F\u00f6retag\",\"description\":\"\",\"publisher\":{\"@id\":\"https:\/\/ayn.templweb.com\/foretag\/#organization\"},\"potentialAction\":[{\"@type\":\"SearchAction\",\"target\":{\"@type\":\"EntryPoint\",\"urlTemplate\":\"https:\/\/ayn.templweb.com\/foretag\/?s={search_term_string}\"},\"query-input\":{\"@type\":\"PropertyValueSpecification\",\"valueRequired\":true,\"valueName\":\"search_term_string\"}}],\"inLanguage\":\"sv-SE\"},{\"@type\":\"Organization\",\"@id\":\"https:\/\/ayn.templweb.com\/foretag\/#organization\",\"name\":\"Hemmakv\u00e4ll - F\u00f6retag\",\"url\":\"https:\/\/ayn.templweb.com\/foretag\/\",\"logo\":{\"@type\":\"ImageObject\",\"inLanguage\":\"sv-SE\",\"@id\":\"https:\/\/ayn.templweb.com\/foretag\/#\/schema\/logo\/image\/\",\"url\":\"https:\/\/ayn.templweb.com\/foretag\/wp-content\/uploads\/sites\/2\/2023\/12\/hemmakvall-logo-1200.png\",\"contentUrl\":\"https:\/\/ayn.templweb.com\/foretag\/wp-content\/uploads\/sites\/2\/2023\/12\/hemmakvall-logo-1200.png\",\"width\":1201,\"height\":261,\"caption\":\"Hemmakv\u00e4ll - F\u00f6retag\"},\"image\":{\"@id\":\"https:\/\/ayn.templweb.com\/foretag\/#\/schema\/logo\/image\/\"}}]}<\/script>\n<!-- \/ Yoast SEO plugin. -->","yoast_head_json":{"title":"K\u00f6pvillkor - Hemmakv\u00e4ll - F\u00f6retag","robots":{"index":"index","follow":"follow","max-snippet":"max-snippet:-1","max-image-preview":"max-image-preview:large","max-video-preview":"max-video-preview:-1"},"canonical":"https:\/\/ayn.templweb.com\/foretag\/kopvillkor\/","og_locale":"sv_SE","og_type":"article","og_title":"K\u00f6pvillkor - Hemmakv\u00e4ll - F\u00f6retag","og_url":"https:\/\/ayn.templweb.com\/foretag\/kopvillkor\/","og_site_name":"Hemmakv\u00e4ll - F\u00f6retag","article_modified_time":"2023-12-19T15:31:44+00:00","og_image":[{"width":1200,"height":1200,"url":"https:\/\/ayn.templweb.com\/foretag\/wp-content\/uploads\/sites\/2\/2023\/12\/sektion_21_square.jpg","type":"image\/jpeg"}],"twitter_card":"summary_large_image","twitter_misc":{"Ber\u00e4knad l\u00e4stid":"5 minuter"},"schema":{"@context":"https:\/\/schema.org","@graph":[{"@type":"WebPage","@id":"https:\/\/ayn.templweb.com\/foretag\/kopvillkor\/","url":"https:\/\/ayn.templweb.com\/foretag\/kopvillkor\/","name":"K\u00f6pvillkor - Hemmakv\u00e4ll - F\u00f6retag","isPartOf":{"@id":"https:\/\/ayn.templweb.com\/foretag\/#website"},"datePublished":"2023-11-07T13:11:51+00:00","dateModified":"2023-12-19T15:31:44+00:00","breadcrumb":{"@id":"https:\/\/ayn.templweb.com\/foretag\/kopvillkor\/#breadcrumb"},"inLanguage":"sv-SE","potentialAction":[{"@type":"ReadAction","target":["https:\/\/ayn.templweb.com\/foretag\/kopvillkor\/"]}]},{"@type":"BreadcrumbList","@id":"https:\/\/ayn.templweb.com\/foretag\/kopvillkor\/#breadcrumb","itemListElement":[{"@type":"ListItem","position":1,"name":"Hem","item":"https:\/\/ayn.templweb.com\/foretag\/"},{"@type":"ListItem","position":2,"name":"K\u00f6pvillkor"}]},{"@type":"WebSite","@id":"https:\/\/ayn.templweb.com\/foretag\/#website","url":"https:\/\/ayn.templweb.com\/foretag\/","name":"Hemmakv\u00e4ll - F\u00f6retag","description":"","publisher":{"@id":"https:\/\/ayn.templweb.com\/foretag\/#organization"},"potentialAction":[{"@type":"SearchAction","target":{"@type":"EntryPoint","urlTemplate":"https:\/\/ayn.templweb.com\/foretag\/?s={search_term_string}"},"query-input":{"@type":"PropertyValueSpecification","valueRequired":true,"valueName":"search_term_string"}}],"inLanguage":"sv-SE"},{"@type":"Organization","@id":"https:\/\/ayn.templweb.com\/foretag\/#organization","name":"Hemmakv\u00e4ll - F\u00f6retag","url":"https:\/\/ayn.templweb.com\/foretag\/","logo":{"@type":"ImageObject","inLanguage":"sv-SE","@id":"https:\/\/ayn.templweb.com\/foretag\/#\/schema\/logo\/image\/","url":"https:\/\/ayn.templweb.com\/foretag\/wp-content\/uploads\/sites\/2\/2023\/12\/hemmakvall-logo-1200.png","contentUrl":"https:\/\/ayn.templweb.com\/foretag\/wp-content\/uploads\/sites\/2\/2023\/12\/hemmakvall-logo-1200.png","width":1201,"height":261,"caption":"Hemmakv\u00e4ll - F\u00f6retag"},"image":{"@id":"https:\/\/ayn.templweb.com\/foretag\/#\/schema\/logo\/image\/"}}]}},"_links":{"self":[{"href":"https:\/\/ayn.templweb.com\/foretag\/wp-json\/wp\/v2\/pages\/32","targetHints":{"allow":["GET"]}}],"collection":[{"href":"https:\/\/ayn.templweb.com\/foretag\/wp-json\/wp\/v2\/pages"}],"about":[{"href":"https:\/\/ayn.templweb.com\/foretag\/wp-json\/wp\/v2\/types\/page"}],"author":[{"embeddable":true,"href":"https:\/\/ayn.templweb.com\/foretag\/wp-json\/wp\/v2\/users\/1"}],"replies":[{"embeddable":true,"href":"https:\/\/ayn.templweb.com\/foretag\/wp-json\/wp\/v2\/comments?post=32"}],"version-history":[{"count":18,"href":"https:\/\/ayn.templweb.com\/foretag\/wp-json\/wp\/v2\/pages\/32\/revisions"}],"predecessor-version":[{"id":1437,"href":"https:\/\/ayn.templweb.com\/foretag\/wp-json\/wp\/v2\/pages\/32\/revisions\/1437"}],"wp:attachment":[{"href":"https:\/\/ayn.templweb.com\/foretag\/wp-json\/wp\/v2\/media?parent=32"}],"curies":[{"name":"wp","href":"https:\/\/api.w.org\/{rel}","templated":true}]}}