{"id":19,"date":"2023-11-07T14:09:57","date_gmt":"2023-11-07T13:09:57","guid":{"rendered":"https:\/\/ayn.templweb.com\/foretag\/?page_id=19"},"modified":"2023-12-21T10:35:21","modified_gmt":"2023-12-21T09:35:21","slug":"bli-franchisetagare","status":"publish","type":"page","link":"https:\/\/ayn.templweb.com\/foretag\/bli-franchisetagare\/","title":{"rendered":"Bli Franchisetagare"},"content":{"rendered":"\n\n  <div class=\"banner has-hover stripe turkos\" id=\"banner-636386155\">\n          <div class=\"banner-inner fill\">\n        <div class=\"banner-bg fill\" >\n            <div class=\"bg fill bg-fill \"><\/div>\n                                    \n                    <\/div>\n\t\t\n        <div class=\"banner-layers container\">\n            <div class=\"fill banner-link\"><\/div>            \n\n   <div id=\"text-box-114504063\" class=\"text-box banner-layer x50 md-x50 lg-x50 y30 md-y50 lg-y50 res-text\">\n                                <div class=\"text-box-content text dark\">\n              \n              <div class=\"text-inner text-center\">\n                  \n\n<h1>BLI FRANCHISETAGARE<\/h1>\n\n              <\/div>\n           <\/div>\n                            \n<style>\n#text-box-114504063 {\n  width: 100%;\n}\n#text-box-114504063 .text-box-content {\n  font-size: 100%;\n}\n@media (min-width:550px) {\n  #text-box-114504063 {\n    width: 68%;\n  }\n}\n<\/style>\n    <\/div>\n \n\n        <\/div>\n      <\/div>\n\n            \n<style>\n#banner-636386155 {\n  padding-top: 235px;\n}\n<\/style>\n  <\/div>\n\n\n\t<section class=\"section\" id=\"section_452174562\">\n\t\t<div class=\"bg section-bg fill bg-fill  bg-loaded\" >\n\n\t\t\t\n\t\t\t\n\t\t\t\n\n\t\t<\/div>\n\n\t\t\n\n\t\t<div class=\"section-content relative\">\n\t\t\t\n\n<div class=\"row\"  id=\"row-1087128483\">\n\n\n\t<div id=\"col-467715624\" class=\"col medium-6 small-12 large-6\"  >\n\t\t\t\t<div class=\"col-inner\"  >\n\t\t\t\n\t\t\t\n\n<h2>Vill du bli en del av v\u00e5r Hemmakv\u00e4llfamilj?<br \/>\n<\/h2>\n<p>Som Sveriges stoltaste leverant\u00f6r av hemmakv\u00e4llar letar vi efter nya franchisetagare som vill \u00e4ga sin egen Hemmakv\u00e4llbutik och forts\u00e4tta utveckla v\u00e5rt fantastiska varum\u00e4rke. Som franchisetagare \u00e4r du en del av en stor Hemmakv\u00e4llgemenskap d\u00e4r vi lyssnar p\u00e5 varandra och l\u00e4r oss nya saker varje dag.<\/p>\n<p>Hemmakv\u00e4llkedjan best\u00e5r drygt 60 butiker \u00f6ver hela Sverige. Som franchisetagare f\u00e5r du tillg\u00e5ng till v\u00e5rt unika koncept f\u00f6r att kunna driva en l\u00f6nsam verksamhet. Vi hj\u00e4lper dig med uppstart, samarbetsavtal med leverant\u00f6rer, projektledning, aff\u00e4rssystem, marknadsf\u00f6ring och l\u00f6pande support.<\/p>\n<p>En franchisetagare p\u00e5 Hemmakv\u00e4ll driver sitt eget f\u00f6retag, ansvarar f\u00f6r sina anst\u00e4llda och st\u00e5r sj\u00e4lv f\u00f6r de investeringar som kr\u00e4vs f\u00f6r att bygga eller ta \u00f6ver en befintlig butik.<\/p>\n\n\t\t<\/div>\n\t\t\t\t\t<\/div>\n\n\t\n\n\t<div id=\"col-1014568421\" class=\"col medium-6 small-12 large-6\"  >\n\t\t\t\t<div class=\"col-inner\"  >\n\t\t\t\n\t\t\t\n\n\t<div class=\"img has-hover x md-x lg-x y md-y lg-y\" id=\"image_935946213\">\n\t\t\t\t\t\t\t\t<div class=\"img-inner dark\" >\n\t\t\t<img loading=\"lazy\" decoding=\"async\" width=\"2001\" height=\"1463\" src=\"https:\/\/ayn.templweb.com\/foretag\/wp-content\/uploads\/sites\/2\/2023\/12\/Losgodis_2_v02.png\" class=\"attachment-original size-original\" alt=\"\" srcset=\"https:\/\/ayn.templweb.com\/foretag\/wp-content\/uploads\/sites\/2\/2023\/12\/Losgodis_2_v02.png 2001w, https:\/\/ayn.templweb.com\/foretag\/wp-content\/uploads\/sites\/2\/2023\/12\/Losgodis_2_v02-300x219.png 300w, https:\/\/ayn.templweb.com\/foretag\/wp-content\/uploads\/sites\/2\/2023\/12\/Losgodis_2_v02-1024x749.png 1024w, https:\/\/ayn.templweb.com\/foretag\/wp-content\/uploads\/sites\/2\/2023\/12\/Losgodis_2_v02-768x562.png 768w, https:\/\/ayn.templweb.com\/foretag\/wp-content\/uploads\/sites\/2\/2023\/12\/Losgodis_2_v02-1536x1123.png 1536w, https:\/\/ayn.templweb.com\/foretag\/wp-content\/uploads\/sites\/2\/2023\/12\/Losgodis_2_v02-600x439.png 600w\" sizes=\"auto, (max-width: 2001px) 100vw, 2001px\" \/>\t\t\t\t\t\t\n\t\t\t\t\t<\/div>\n\t\t\t\t\t\t\t\t\n<style>\n#image_935946213 {\n  width: 100%;\n}\n<\/style>\n\t<\/div>\n\t\n\n\n\t\t<\/div>\n\t\t\t\t\t<\/div>\n\n\t\n\n\t<div id=\"col-1877412085\" class=\"col medium-6 small-12 large-6\"  >\n\t\t\t\t<div class=\"col-inner\"  >\n\t\t\t\n\t\t\t\n\n<h3>Vi s\u00f6ker dig som:<\/h3>\n<ul>\n<li>F\u00f6r att lyckas hos oss kr\u00e4vs att man \u00e4r driftig, har goda ledaregenskaper och brinner f\u00f6r service.<\/li>\n<li>Det \u00e4r ocks\u00e5 en stor f\u00f6rdel om man har grundl\u00e4ggande ekonomikunskaper.<\/li>\n<li>D\u00e5 man som franchisetagare sj\u00e4lv st\u00e5r f\u00f6r investeringskostnaden beh\u00f6ver man ocks\u00e5 ha ett startkapital och en ordnad ekonomi.<\/li>\n<li>Man ska \u00e4lska godis lika mycket som vi g\u00f6r!<\/li>\n<\/ul>\n\n\t\t<\/div>\n\t\t\t\t\t<\/div>\n\n\t\n\n\t<div id=\"col-333939069\" class=\"col medium-6 small-12 large-6\"  >\n\t\t\t\t<div class=\"col-inner\"  >\n\t\t\t\n\t\t\t\n\n<h3>L\u00e5ter detta intressant?<\/h3>\n<p>Fyll i formul\u00e4ret nedan f\u00f6r att g\u00f6ra en intresseanm\u00e4lan s\u00e5 h\u00f6r vi av oss om hur vi g\u00e5r vidare tillsammans.<\/p>\n\n\n<div class=\"frm_forms  with_frm_style frm_style_formidables-stilmall\" id=\"frm_form_2_container\" >\n<form enctype=\"multipart\/form-data\" method=\"post\" class=\"frm-show-form \" id=\"form_contact-form2\" >\n<div class=\"frm_form_fields \">\n<fieldset>\n<legend class=\"frm_screen_reader\">Bli franchisetagare<\/legend>\r\n\r\n<div class=\"frm_fields_container\">\n<input type=\"hidden\" name=\"frm_action\" value=\"create\" \/>\n<input type=\"hidden\" name=\"form_id\" value=\"2\" \/>\n<input type=\"hidden\" name=\"frm_hide_fields_2\" id=\"frm_hide_fields_2\" value=\"\" \/>\n<input type=\"hidden\" name=\"form_key\" value=\"contact-form2\" \/>\n<input type=\"hidden\" name=\"item_meta[0]\" value=\"\" \/>\n<input type=\"hidden\" id=\"frm_submit_entry_2\" name=\"frm_submit_entry_2\" value=\"edc49d9583\" \/><input type=\"hidden\" name=\"_wp_http_referer\" value=\"\/foretag\/wp-json\/wp\/v2\/pages\/19\" \/><div id=\"frm_field_7_container\" class=\"frm_form_field form-field  frm_required_field frm_top_container frm12 frm_first\">\r\n    <label for=\"field_qh4icy2\" id=\"field_qh4icy2_label\" class=\"frm_primary_label\">\r\n        <span class=\"frm_required\" aria-hidden=\"true\">*<\/span>\r\n    <\/label>\r\n    <input type=\"text\" id=\"field_qh4icy2\" name=\"item_meta[7]\" value=\"\"  placeholder=\"Ditt namn\" data-reqmsg=\"Detta f\u00e4lt kan inte vara tomt.\" aria-required=\"true\" data-invmsg=\"Name \u00e4r ogiltigt\" aria-invalid=\"false\"  \/>\r\n    \r\n    \r\n<\/div>\n<div id=\"frm_field_8_container\" class=\"frm_form_field form-field  frm_required_field frm_top_container frm_full\">\r\n    <label for=\"field_29yf4d2\" id=\"field_29yf4d2_label\" class=\"frm_primary_label\">\r\n        <span class=\"frm_required\" aria-hidden=\"true\">*<\/span>\r\n    <\/label>\r\n    <input type=\"email\" id=\"field_29yf4d2\" name=\"item_meta[8]\" value=\"\"  placeholder=\"Din e-postadress\" data-reqmsg=\"Detta f\u00e4lt kan inte vara tomt.\" aria-required=\"true\" data-invmsg=\"Please enter a valid email address\" aria-invalid=\"false\"  \/>\r\n    \r\n    \r\n<\/div>\n<div id=\"frm_field_9_container\" class=\"frm_form_field form-field  frm_required_field frm_top_container\">\r\n    <label for=\"field_75y2h2\" id=\"field_75y2h2_label\" class=\"frm_primary_label\">\r\n        <span class=\"frm_required\" aria-hidden=\"true\">*<\/span>\r\n    <\/label>\r\n    <input type=\"tel\" id=\"field_75y2h2\" name=\"item_meta[9]\" value=\"\"  placeholder=\"Ditt telefonnummer\" data-reqmsg=\"Detta f\u00e4lt kan inte vara tomt.\" aria-required=\"true\" data-invmsg=\"Telefon \u00e4r ogiltigt\" aria-invalid=\"false\" pattern=\"((\\+\\d{1,3}(-|.| )?\\(?\\d\\)?(-| |.)?\\d{1,5})|(\\(?\\d{2,6}\\)?))(-|.| )?(\\d{3,4})(-|.| )?(\\d{4})(( x| ext)\\d{1,5}){0,1}$\"  \/>\r\n    \r\n    \r\n<\/div>\n<div id=\"frm_field_11_container\" class=\"frm_form_field form-field  frm_required_field frm_top_container frm_full\">\r\n    <label for=\"field_9jv0r12\" id=\"field_9jv0r12_label\" class=\"frm_primary_label\">\r\n        <span class=\"frm_required\" aria-hidden=\"true\">*<\/span>\r\n    <\/label>\r\n    <textarea name=\"item_meta[11]\" id=\"field_9jv0r12\" rows=\"5\"  placeholder=\"I vilken stad skulle du vilja \u00f6ppna en butik i?\" data-reqmsg=\"Detta f\u00e4lt kan inte vara tomt.\" aria-required=\"true\" data-invmsg=\"Detta f\u00e4lt \u00e4r ogiltigt\" aria-invalid=\"false\"  ><\/textarea>\r\n    \r\n    \r\n<\/div>\n<div id=\"frm_field_12_container\" class=\"frm_form_field form-field  frm_none_container\">\n    <label for=\"g-recaptcha-response\" id=\"field_9dws4_label\" class=\"frm_primary_label\">\n        <span class=\"frm_required\" aria-hidden=\"true\"><\/span>\n    <\/label>\n    <div  id=\"field_9dws4\" class=\"frm-g-recaptcha\" data-sitekey=\"6Levg0wpAAAAAI8W6V7F1VXJd5XZL3_dJwX1o4pg\" data-size=\"normal\" data-theme=\"light\"><\/div>\n    \n    \n<\/div>\n\t<input type=\"hidden\" name=\"item_key\" value=\"\" \/>\n\t\t\t<div id=\"frm_field_14_container\">\n\t\t\t<label for=\"field_ekx28\" >\n\t\t\t\tOm du \u00e4r m\u00e4nsklig, l\u00e4mna det h\u00e4r f\u00e4ltet tomt.\t\t\t<\/label>\n\t\t\t<input  id=\"field_ekx28\" type=\"text\" class=\"frm_form_field form-field frm_verify\" name=\"item_meta[14]\" value=\"\"  \/>\n\t\t<\/div>\n\t\t<input name=\"frm_state\" type=\"hidden\" value=\"P9E3yHYMqQbrzSnr1mDltDwHgXkEavC3jgIMak+ee5Y=\" \/><div class=\"frm_submit\">\r\n\r\n<button class=\"frm_button_submit\" type=\"submit\"  >Skicka<\/button>\r\n\r\n\r\n<\/div><\/div>\n<\/fieldset>\n<\/div>\n\n<\/form>\n<\/div>\n\n\n\n\t\t<\/div>\n\t\t\t\t\t<\/div>\n\n\t\n\n<\/div>\n\n\t\t<\/div>\n\n\t\t\n<style>\n#section_452174562 {\n  padding-top: 30px;\n  padding-bottom: 30px;\n}\n<\/style>\n\t<\/section>\n\t\n\n","protected":false},"excerpt":{"rendered":"","protected":false},"author":1,"featured_media":0,"parent":0,"menu_order":0,"comment_status":"closed","ping_status":"closed","template":"page-blank.php","meta":{"_acf_changed":false,"footnotes":""},"class_list":["post-19","page","type-page","status-publish","hentry"],"acf":[],"yoast_head":"<!-- This site is optimized with the Yoast SEO plugin v26.6 - https:\/\/yoast.com\/wordpress\/plugins\/seo\/ -->\n<title>Bli Franchisetagare - Hemmakv\u00e4ll - F\u00f6retag<\/title>\n<meta name=\"robots\" content=\"index, follow, max-snippet:-1, max-image-preview:large, max-video-preview:-1\" \/>\n<link rel=\"canonical\" href=\"https:\/\/ayn.templweb.com\/foretag\/bli-franchisetagare\/\" \/>\n<meta property=\"og:locale\" content=\"sv_SE\" \/>\n<meta property=\"og:type\" content=\"article\" \/>\n<meta property=\"og:title\" content=\"Bli Franchisetagare - Hemmakv\u00e4ll - F\u00f6retag\" \/>\n<meta property=\"og:url\" content=\"https:\/\/ayn.templweb.com\/foretag\/bli-franchisetagare\/\" \/>\n<meta property=\"og:site_name\" content=\"Hemmakv\u00e4ll - F\u00f6retag\" \/>\n<meta property=\"article:modified_time\" content=\"2023-12-21T09:35:21+00:00\" \/>\n<meta property=\"og:image\" content=\"https:\/\/ayn.templweb.com\/foretag\/wp-content\/uploads\/sites\/2\/2023\/12\/sektion_21_square.jpg\" \/>\n\t<meta property=\"og:image:width\" content=\"1200\" \/>\n\t<meta property=\"og:image:height\" content=\"1200\" \/>\n\t<meta property=\"og:image:type\" content=\"image\/jpeg\" \/>\n<meta name=\"twitter:card\" content=\"summary_large_image\" \/>\n<meta name=\"twitter:label1\" content=\"Ber\u00e4knad l\u00e4stid\" \/>\n\t<meta name=\"twitter:data1\" content=\"2 minuter\" \/>\n<script type=\"application\/ld+json\" class=\"yoast-schema-graph\">{\"@context\":\"https:\/\/schema.org\",\"@graph\":[{\"@type\":\"WebPage\",\"@id\":\"https:\/\/ayn.templweb.com\/foretag\/bli-franchisetagare\/\",\"url\":\"https:\/\/ayn.templweb.com\/foretag\/bli-franchisetagare\/\",\"name\":\"Bli Franchisetagare - Hemmakv\u00e4ll - F\u00f6retag\",\"isPartOf\":{\"@id\":\"https:\/\/ayn.templweb.com\/foretag\/#website\"},\"datePublished\":\"2023-11-07T13:09:57+00:00\",\"dateModified\":\"2023-12-21T09:35:21+00:00\",\"breadcrumb\":{\"@id\":\"https:\/\/ayn.templweb.com\/foretag\/bli-franchisetagare\/#breadcrumb\"},\"inLanguage\":\"sv-SE\",\"potentialAction\":[{\"@type\":\"ReadAction\",\"target\":[\"https:\/\/ayn.templweb.com\/foretag\/bli-franchisetagare\/\"]}]},{\"@type\":\"BreadcrumbList\",\"@id\":\"https:\/\/ayn.templweb.com\/foretag\/bli-franchisetagare\/#breadcrumb\",\"itemListElement\":[{\"@type\":\"ListItem\",\"position\":1,\"name\":\"Hem\",\"item\":\"https:\/\/ayn.templweb.com\/foretag\/\"},{\"@type\":\"ListItem\",\"position\":2,\"name\":\"Bli Franchisetagare\"}]},{\"@type\":\"WebSite\",\"@id\":\"https:\/\/ayn.templweb.com\/foretag\/#website\",\"url\":\"https:\/\/ayn.templweb.com\/foretag\/\",\"name\":\"Hemmakv\u00e4ll - F\u00f6retag\",\"description\":\"\",\"publisher\":{\"@id\":\"https:\/\/ayn.templweb.com\/foretag\/#organization\"},\"potentialAction\":[{\"@type\":\"SearchAction\",\"target\":{\"@type\":\"EntryPoint\",\"urlTemplate\":\"https:\/\/ayn.templweb.com\/foretag\/?s={search_term_string}\"},\"query-input\":{\"@type\":\"PropertyValueSpecification\",\"valueRequired\":true,\"valueName\":\"search_term_string\"}}],\"inLanguage\":\"sv-SE\"},{\"@type\":\"Organization\",\"@id\":\"https:\/\/ayn.templweb.com\/foretag\/#organization\",\"name\":\"Hemmakv\u00e4ll - F\u00f6retag\",\"url\":\"https:\/\/ayn.templweb.com\/foretag\/\",\"logo\":{\"@type\":\"ImageObject\",\"inLanguage\":\"sv-SE\",\"@id\":\"https:\/\/ayn.templweb.com\/foretag\/#\/schema\/logo\/image\/\",\"url\":\"https:\/\/ayn.templweb.com\/foretag\/wp-content\/uploads\/sites\/2\/2023\/12\/hemmakvall-logo-1200.png\",\"contentUrl\":\"https:\/\/ayn.templweb.com\/foretag\/wp-content\/uploads\/sites\/2\/2023\/12\/hemmakvall-logo-1200.png\",\"width\":1201,\"height\":261,\"caption\":\"Hemmakv\u00e4ll - F\u00f6retag\"},\"image\":{\"@id\":\"https:\/\/ayn.templweb.com\/foretag\/#\/schema\/logo\/image\/\"}}]}<\/script>\n<!-- \/ Yoast SEO plugin. -->","yoast_head_json":{"title":"Bli Franchisetagare - Hemmakv\u00e4ll - F\u00f6retag","robots":{"index":"index","follow":"follow","max-snippet":"max-snippet:-1","max-image-preview":"max-image-preview:large","max-video-preview":"max-video-preview:-1"},"canonical":"https:\/\/ayn.templweb.com\/foretag\/bli-franchisetagare\/","og_locale":"sv_SE","og_type":"article","og_title":"Bli Franchisetagare - Hemmakv\u00e4ll - F\u00f6retag","og_url":"https:\/\/ayn.templweb.com\/foretag\/bli-franchisetagare\/","og_site_name":"Hemmakv\u00e4ll - F\u00f6retag","article_modified_time":"2023-12-21T09:35:21+00:00","og_image":[{"width":1200,"height":1200,"url":"https:\/\/ayn.templweb.com\/foretag\/wp-content\/uploads\/sites\/2\/2023\/12\/sektion_21_square.jpg","type":"image\/jpeg"}],"twitter_card":"summary_large_image","twitter_misc":{"Ber\u00e4knad l\u00e4stid":"2 minuter"},"schema":{"@context":"https:\/\/schema.org","@graph":[{"@type":"WebPage","@id":"https:\/\/ayn.templweb.com\/foretag\/bli-franchisetagare\/","url":"https:\/\/ayn.templweb.com\/foretag\/bli-franchisetagare\/","name":"Bli Franchisetagare - Hemmakv\u00e4ll - F\u00f6retag","isPartOf":{"@id":"https:\/\/ayn.templweb.com\/foretag\/#website"},"datePublished":"2023-11-07T13:09:57+00:00","dateModified":"2023-12-21T09:35:21+00:00","breadcrumb":{"@id":"https:\/\/ayn.templweb.com\/foretag\/bli-franchisetagare\/#breadcrumb"},"inLanguage":"sv-SE","potentialAction":[{"@type":"ReadAction","target":["https:\/\/ayn.templweb.com\/foretag\/bli-franchisetagare\/"]}]},{"@type":"BreadcrumbList","@id":"https:\/\/ayn.templweb.com\/foretag\/bli-franchisetagare\/#breadcrumb","itemListElement":[{"@type":"ListItem","position":1,"name":"Hem","item":"https:\/\/ayn.templweb.com\/foretag\/"},{"@type":"ListItem","position":2,"name":"Bli Franchisetagare"}]},{"@type":"WebSite","@id":"https:\/\/ayn.templweb.com\/foretag\/#website","url":"https:\/\/ayn.templweb.com\/foretag\/","name":"Hemmakv\u00e4ll - F\u00f6retag","description":"","publisher":{"@id":"https:\/\/ayn.templweb.com\/foretag\/#organization"},"potentialAction":[{"@type":"SearchAction","target":{"@type":"EntryPoint","urlTemplate":"https:\/\/ayn.templweb.com\/foretag\/?s={search_term_string}"},"query-input":{"@type":"PropertyValueSpecification","valueRequired":true,"valueName":"search_term_string"}}],"inLanguage":"sv-SE"},{"@type":"Organization","@id":"https:\/\/ayn.templweb.com\/foretag\/#organization","name":"Hemmakv\u00e4ll - F\u00f6retag","url":"https:\/\/ayn.templweb.com\/foretag\/","logo":{"@type":"ImageObject","inLanguage":"sv-SE","@id":"https:\/\/ayn.templweb.com\/foretag\/#\/schema\/logo\/image\/","url":"https:\/\/ayn.templweb.com\/foretag\/wp-content\/uploads\/sites\/2\/2023\/12\/hemmakvall-logo-1200.png","contentUrl":"https:\/\/ayn.templweb.com\/foretag\/wp-content\/uploads\/sites\/2\/2023\/12\/hemmakvall-logo-1200.png","width":1201,"height":261,"caption":"Hemmakv\u00e4ll - F\u00f6retag"},"image":{"@id":"https:\/\/ayn.templweb.com\/foretag\/#\/schema\/logo\/image\/"}}]}},"_links":{"self":[{"href":"https:\/\/ayn.templweb.com\/foretag\/wp-json\/wp\/v2\/pages\/19","targetHints":{"allow":["GET"]}}],"collection":[{"href":"https:\/\/ayn.templweb.com\/foretag\/wp-json\/wp\/v2\/pages"}],"about":[{"href":"https:\/\/ayn.templweb.com\/foretag\/wp-json\/wp\/v2\/types\/page"}],"author":[{"embeddable":true,"href":"https:\/\/ayn.templweb.com\/foretag\/wp-json\/wp\/v2\/users\/1"}],"replies":[{"embeddable":true,"href":"https:\/\/ayn.templweb.com\/foretag\/wp-json\/wp\/v2\/comments?post=19"}],"version-history":[{"count":7,"href":"https:\/\/ayn.templweb.com\/foretag\/wp-json\/wp\/v2\/pages\/19\/revisions"}],"predecessor-version":[{"id":1529,"href":"https:\/\/ayn.templweb.com\/foretag\/wp-json\/wp\/v2\/pages\/19\/revisions\/1529"}],"wp:attachment":[{"href":"https:\/\/ayn.templweb.com\/foretag\/wp-json\/wp\/v2\/media?parent=19"}],"curies":[{"name":"wp","href":"https:\/\/api.w.org\/{rel}","templated":true}]}}