{"id":17,"date":"2023-11-07T14:09:48","date_gmt":"2023-11-07T13:09:48","guid":{"rendered":"https:\/\/ayn.templweb.com\/foretag\/?page_id=17"},"modified":"2023-12-19T15:26:53","modified_gmt":"2023-12-19T14:26:53","slug":"kontakta-oss","status":"publish","type":"page","link":"https:\/\/ayn.templweb.com\/foretag\/kontakta-oss\/","title":{"rendered":"Kontakta oss"},"content":{"rendered":"\n\n  <div class=\"banner has-hover stripe turkos\" id=\"banner-1820186054\">\n          <div class=\"banner-inner fill\">\n        <div class=\"banner-bg fill\" >\n            <div class=\"bg fill bg-fill \"><\/div>\n                                    \n                    <\/div>\n\t\t\n        <div class=\"banner-layers container\">\n            <div class=\"fill banner-link\"><\/div>            \n\n   <div id=\"text-box-922867983\" class=\"text-box banner-layer x50 md-x50 lg-x50 y50 md-y30 lg-y30 res-text\">\n                                <div class=\"text-box-content text dark\">\n              \n              <div class=\"text-inner text-center\">\n                  \n\n\t<div id=\"text-110381583\" class=\"text hero_undertext\">\n\t\t\n\n<h1>KONTAKTA OSS<\/h1>\n<p>Vi besvarar alla kund\u00e4renden via e-post och vi \u00e5terkommer s\u00e5 snabbt vi bara kan!<\/p>\n\t\t\t<\/div>\n\t\n\n              <\/div>\n           <\/div>\n                            \n<style>\n#text-box-922867983 {\n  width: 98%;\n}\n#text-box-922867983 .text-box-content {\n  font-size: 100%;\n}\n@media (min-width:550px) {\n  #text-box-922867983 {\n    width: 79%;\n  }\n}\n<\/style>\n    <\/div>\n \n\n        <\/div>\n      <\/div>\n\n            \n<style>\n#banner-1820186054 {\n  padding-top: 270px;\n}\n@media (min-width:550px) {\n  #banner-1820186054 {\n    padding-top: 235px;\n  }\n}\n<\/style>\n  <\/div>\n\n\n\t<section class=\"section\" id=\"section_1411206116\">\n\t\t<div class=\"bg section-bg fill bg-fill  bg-loaded\" >\n\n\t\t\t\n\t\t\t\n\t\t\t\n\n\t\t<\/div>\n\n\t\t\n\n\t\t<div class=\"section-content relative\">\n\t\t\t\n\n<div class=\"row row-large align-center\"  id=\"row-839521374\">\n\n\n\t<div id=\"col-1464354535\" class=\"col medium-11 small-12 large-11\"  >\n\t\t\t\t<div class=\"col-inner\"  >\n\t\t\t\n\t\t\t\n\n<h3>Kontakt via formul\u00e4r<\/h3>\n<p>Vi besvarar alla kund\u00e4renden via e-post och vi \u00e5terkommer s\u00e5 snabbt vi bara kan!<\/p>\n\n\n<div class=\"frm_forms  with_frm_style frm_style_formidables-stilmall\" id=\"frm_form_1_container\" >\n<form enctype=\"multipart\/form-data\" method=\"post\" class=\"frm-show-form \" id=\"form_contact-form\" >\n<div class=\"frm_form_fields \">\n<fieldset>\n<legend class=\"frm_screen_reader\">Contact Us<\/legend>\r\n\r\n<div class=\"frm_fields_container\">\n<input type=\"hidden\" name=\"frm_action\" value=\"create\" \/>\n<input type=\"hidden\" name=\"form_id\" value=\"1\" \/>\n<input type=\"hidden\" name=\"frm_hide_fields_1\" id=\"frm_hide_fields_1\" value=\"\" \/>\n<input type=\"hidden\" name=\"form_key\" value=\"contact-form\" \/>\n<input type=\"hidden\" name=\"item_meta[0]\" value=\"\" \/>\n<input type=\"hidden\" id=\"frm_submit_entry_1\" name=\"frm_submit_entry_1\" value=\"edc49d9583\" \/><input type=\"hidden\" name=\"_wp_http_referer\" value=\"\/foretag\/wp-json\/wp\/v2\/pages\/17\" \/><div id=\"frm_field_1_container\" class=\"frm_form_field form-field  frm_required_field frm_top_container frm12 frm_first\">\r\n    <label for=\"field_qh4icy\" id=\"field_qh4icy_label\" class=\"frm_primary_label\">Namn\r\n        <span class=\"frm_required\" aria-hidden=\"true\">*<\/span>\r\n    <\/label>\r\n    <input type=\"text\" id=\"field_qh4icy\" name=\"item_meta[1]\" value=\"\"  placeholder=\"Ditt namn\" data-reqmsg=\"Detta f\u00e4lt kan inte vara tomt.\" aria-required=\"true\" data-invmsg=\"Name \u00e4r ogiltigt\" aria-invalid=\"false\"  \/>\r\n    \r\n    \r\n<\/div>\n<div id=\"frm_field_3_container\" class=\"frm_form_field form-field  frm_required_field frm_top_container frm_full\">\r\n    <label for=\"field_29yf4d\" id=\"field_29yf4d_label\" class=\"frm_primary_label\">E-post\r\n        <span class=\"frm_required\" aria-hidden=\"true\">*<\/span>\r\n    <\/label>\r\n    <input type=\"email\" id=\"field_29yf4d\" name=\"item_meta[3]\" value=\"\"  placeholder=\"Din e-postadress\" data-reqmsg=\"Detta f\u00e4lt kan inte vara tomt.\" aria-required=\"true\" data-invmsg=\"Please enter a valid email address\" aria-invalid=\"false\"  \/>\r\n    \r\n    \r\n<\/div>\n<div id=\"frm_field_6_container\" class=\"frm_form_field form-field  frm_required_field frm_top_container\">\r\n    <label for=\"field_75y2h\" id=\"field_75y2h_label\" class=\"frm_primary_label\">Telefon\r\n        <span class=\"frm_required\" aria-hidden=\"true\">*<\/span>\r\n    <\/label>\r\n    <input type=\"tel\" id=\"field_75y2h\" name=\"item_meta[6]\" value=\"\"  placeholder=\"Ditt telefonnummer\" data-reqmsg=\"Detta f\u00e4lt kan inte vara tomt.\" aria-required=\"true\" data-invmsg=\"Telefon \u00e4r ogiltigt\" aria-invalid=\"false\" pattern=\"((\\+\\d{1,3}(-|.| )?\\(?\\d\\)?(-| |.)?\\d{1,5})|(\\(?\\d{2,6}\\)?))(-|.| )?(\\d{3,4})(-|.| )?(\\d{4})(( x| ext)\\d{1,5}){0,1}$\"  \/>\r\n    \r\n    \r\n<\/div>\n<div id=\"frm_field_4_container\" class=\"frm_form_field form-field  frm_required_field frm_top_container frm_full\">\r\n    <label for=\"field_e6lis6\" id=\"field_e6lis6_label\" class=\"frm_primary_label\">\u00c4mne\r\n        <span class=\"frm_required\" aria-hidden=\"true\">*<\/span>\r\n    <\/label>\r\n    <input type=\"text\" id=\"field_e6lis6\" name=\"item_meta[4]\" value=\"\"  placeholder=\"Vad g\u00e4ller ditt \u00e4rende?\" data-reqmsg=\"Detta f\u00e4lt kan inte vara tomt.\" aria-required=\"true\" data-invmsg=\"Subject \u00e4r ogiltigt\" aria-invalid=\"false\"  \/>\r\n    \r\n    \r\n<\/div>\n<div id=\"frm_field_5_container\" class=\"frm_form_field form-field  frm_required_field frm_top_container frm_full\">\r\n    <label for=\"field_9jv0r1\" id=\"field_9jv0r1_label\" class=\"frm_primary_label\">Meddelande\r\n        <span class=\"frm_required\" aria-hidden=\"true\">*<\/span>\r\n    <\/label>\r\n    <textarea name=\"item_meta[5]\" id=\"field_9jv0r1\" rows=\"5\"  placeholder=\"Ditt meddelande\" data-reqmsg=\"Detta f\u00e4lt kan inte vara tomt.\" aria-required=\"true\" data-invmsg=\"Meddelande \u00e4r ogiltigt\" aria-invalid=\"false\"  ><\/textarea>\r\n    \r\n    \r\n<\/div>\n<div id=\"frm_field_13_container\" class=\"frm_form_field form-field  frm_none_container\">\n    <label for=\"g-recaptcha-response\" id=\"field_elzbl_label\" class=\"frm_primary_label\">\n        <span class=\"frm_required\" aria-hidden=\"true\"><\/span>\n    <\/label>\n    <div  id=\"field_elzbl\" class=\"frm-g-recaptcha\" data-sitekey=\"6Levg0wpAAAAAI8W6V7F1VXJd5XZL3_dJwX1o4pg\" data-size=\"normal\" data-theme=\"light\"><\/div>\n    \n    \n<\/div>\n\t<input type=\"hidden\" name=\"item_key\" value=\"\" \/>\n\t\t\t<div id=\"frm_field_14_container\">\n\t\t\t<label for=\"field_weage\" >\n\t\t\t\tOm du \u00e4r m\u00e4nsklig, l\u00e4mna det h\u00e4r f\u00e4ltet tomt.\t\t\t<\/label>\n\t\t\t<input  id=\"field_weage\" type=\"text\" class=\"frm_form_field form-field frm_verify\" name=\"item_meta[14]\" value=\"\"  \/>\n\t\t<\/div>\n\t\t<input name=\"frm_state\" type=\"hidden\" value=\"P9E3yHYMqQbrzSnr1mDltDwHgXkEavC3jgIMak+ee5Y=\" \/><div class=\"frm_submit\">\r\n\r\n<button class=\"frm_button_submit\" type=\"submit\"  >Skicka<\/button>\r\n\r\n\r\n<\/div><\/div>\n<\/fieldset>\n<\/div>\n\n<\/form>\n<\/div>\n\n\n\n\t\t<\/div>\n\t\t\t\t\t<\/div>\n\n\t\n\n<\/div>\n\n\t\t<\/div>\n\n\t\t\n<style>\n#section_1411206116 {\n  padding-top: 30px;\n  padding-bottom: 30px;\n}\n<\/style>\n\t<\/section>\n\t\n\t<section class=\"section\" id=\"section_934593303\">\n\t\t<div class=\"bg section-bg fill bg-fill  bg-loaded\" >\n\n\t\t\t\n\t\t\t\n\t\t\t\n\n\t\t<\/div>\n\n\t\t\n\n\t\t<div class=\"section-content relative\">\n\t\t\t\n\n<div class=\"row row-full-width\"  id=\"row-1437027595\">\n\n\n\t<div id=\"col-1359624877\" class=\"col small-12 large-12\"  >\n\t\t\t\t<div class=\"col-inner\"  >\n\t\t\t\n\t\t\t\n\n\n\n<iframe src=\"https:\/\/www.google.com\/maps\/embed?pb=!1m14!1m8!1m3!1d4474.261575917458!2d12.83413!3d55.895091!3m2!1i1024!2i768!4f13.1!3m3!1m2!1s0x4653ca0bc994896b%3A0x4daa5dde1bbd59fd!2sHemmakv%C3%A4ll!5e0!3m2!1ssv!2sus!4v1700039366761!5m2!1ssv!2sus\" width=\"100%\" height=\"550\" style=\"border:0;\" allowfullscreen=\"\" loading=\"lazy\" referrerpolicy=\"no-referrer-when-downgrade\"><\/iframe>\n\n\n\t\t<\/div>\n\t\t\t\t\t<\/div>\n\n\t\n\n<\/div>\n\n\t\t<\/div>\n\n\t\t\n<style>\n#section_934593303 {\n  padding-top: 30px;\n  padding-bottom: 30px;\n}\n<\/style>\n\t<\/section>\n\t\n\n","protected":false},"excerpt":{"rendered":"","protected":false},"author":1,"featured_media":0,"parent":0,"menu_order":0,"comment_status":"closed","ping_status":"closed","template":"page-blank.php","meta":{"_acf_changed":false,"footnotes":""},"class_list":["post-17","page","type-page","status-publish","hentry"],"acf":[],"yoast_head":"<!-- This site is optimized with the Yoast SEO plugin v26.6 - https:\/\/yoast.com\/wordpress\/plugins\/seo\/ -->\n<title>Kontakta oss - Hemmakv\u00e4ll - F\u00f6retag<\/title>\n<meta name=\"robots\" content=\"index, follow, max-snippet:-1, max-image-preview:large, max-video-preview:-1\" \/>\n<link rel=\"canonical\" href=\"https:\/\/ayn.templweb.com\/foretag\/kontakta-oss\/\" \/>\n<meta property=\"og:locale\" content=\"sv_SE\" \/>\n<meta property=\"og:type\" content=\"article\" \/>\n<meta property=\"og:title\" content=\"Kontakta oss - Hemmakv\u00e4ll - F\u00f6retag\" \/>\n<meta property=\"og:url\" content=\"https:\/\/ayn.templweb.com\/foretag\/kontakta-oss\/\" \/>\n<meta property=\"og:site_name\" content=\"Hemmakv\u00e4ll - F\u00f6retag\" \/>\n<meta property=\"article:modified_time\" content=\"2023-12-19T14:26:53+00:00\" \/>\n<meta property=\"og:image\" content=\"https:\/\/ayn.templweb.com\/foretag\/wp-content\/uploads\/sites\/2\/2023\/12\/sektion_21_square.jpg\" \/>\n\t<meta property=\"og:image:width\" content=\"1200\" \/>\n\t<meta property=\"og:image:height\" content=\"1200\" \/>\n\t<meta property=\"og:image:type\" content=\"image\/jpeg\" \/>\n<meta name=\"twitter:card\" content=\"summary_large_image\" \/>\n<meta name=\"twitter:label1\" content=\"Ber\u00e4knad l\u00e4stid\" \/>\n\t<meta name=\"twitter:data1\" content=\"2 minuter\" \/>\n<script type=\"application\/ld+json\" class=\"yoast-schema-graph\">{\"@context\":\"https:\/\/schema.org\",\"@graph\":[{\"@type\":\"WebPage\",\"@id\":\"https:\/\/ayn.templweb.com\/foretag\/kontakta-oss\/\",\"url\":\"https:\/\/ayn.templweb.com\/foretag\/kontakta-oss\/\",\"name\":\"Kontakta oss - Hemmakv\u00e4ll - F\u00f6retag\",\"isPartOf\":{\"@id\":\"https:\/\/ayn.templweb.com\/foretag\/#website\"},\"datePublished\":\"2023-11-07T13:09:48+00:00\",\"dateModified\":\"2023-12-19T14:26:53+00:00\",\"breadcrumb\":{\"@id\":\"https:\/\/ayn.templweb.com\/foretag\/kontakta-oss\/#breadcrumb\"},\"inLanguage\":\"sv-SE\",\"potentialAction\":[{\"@type\":\"ReadAction\",\"target\":[\"https:\/\/ayn.templweb.com\/foretag\/kontakta-oss\/\"]}]},{\"@type\":\"BreadcrumbList\",\"@id\":\"https:\/\/ayn.templweb.com\/foretag\/kontakta-oss\/#breadcrumb\",\"itemListElement\":[{\"@type\":\"ListItem\",\"position\":1,\"name\":\"Hem\",\"item\":\"https:\/\/ayn.templweb.com\/foretag\/\"},{\"@type\":\"ListItem\",\"position\":2,\"name\":\"Kontakta oss\"}]},{\"@type\":\"WebSite\",\"@id\":\"https:\/\/ayn.templweb.com\/foretag\/#website\",\"url\":\"https:\/\/ayn.templweb.com\/foretag\/\",\"name\":\"Hemmakv\u00e4ll - F\u00f6retag\",\"description\":\"\",\"publisher\":{\"@id\":\"https:\/\/ayn.templweb.com\/foretag\/#organization\"},\"potentialAction\":[{\"@type\":\"SearchAction\",\"target\":{\"@type\":\"EntryPoint\",\"urlTemplate\":\"https:\/\/ayn.templweb.com\/foretag\/?s={search_term_string}\"},\"query-input\":{\"@type\":\"PropertyValueSpecification\",\"valueRequired\":true,\"valueName\":\"search_term_string\"}}],\"inLanguage\":\"sv-SE\"},{\"@type\":\"Organization\",\"@id\":\"https:\/\/ayn.templweb.com\/foretag\/#organization\",\"name\":\"Hemmakv\u00e4ll - F\u00f6retag\",\"url\":\"https:\/\/ayn.templweb.com\/foretag\/\",\"logo\":{\"@type\":\"ImageObject\",\"inLanguage\":\"sv-SE\",\"@id\":\"https:\/\/ayn.templweb.com\/foretag\/#\/schema\/logo\/image\/\",\"url\":\"https:\/\/ayn.templweb.com\/foretag\/wp-content\/uploads\/sites\/2\/2023\/12\/hemmakvall-logo-1200.png\",\"contentUrl\":\"https:\/\/ayn.templweb.com\/foretag\/wp-content\/uploads\/sites\/2\/2023\/12\/hemmakvall-logo-1200.png\",\"width\":1201,\"height\":261,\"caption\":\"Hemmakv\u00e4ll - F\u00f6retag\"},\"image\":{\"@id\":\"https:\/\/ayn.templweb.com\/foretag\/#\/schema\/logo\/image\/\"}}]}<\/script>\n<!-- \/ Yoast SEO plugin. -->","yoast_head_json":{"title":"Kontakta oss - Hemmakv\u00e4ll - F\u00f6retag","robots":{"index":"index","follow":"follow","max-snippet":"max-snippet:-1","max-image-preview":"max-image-preview:large","max-video-preview":"max-video-preview:-1"},"canonical":"https:\/\/ayn.templweb.com\/foretag\/kontakta-oss\/","og_locale":"sv_SE","og_type":"article","og_title":"Kontakta oss - Hemmakv\u00e4ll - F\u00f6retag","og_url":"https:\/\/ayn.templweb.com\/foretag\/kontakta-oss\/","og_site_name":"Hemmakv\u00e4ll - F\u00f6retag","article_modified_time":"2023-12-19T14:26:53+00:00","og_image":[{"width":1200,"height":1200,"url":"https:\/\/ayn.templweb.com\/foretag\/wp-content\/uploads\/sites\/2\/2023\/12\/sektion_21_square.jpg","type":"image\/jpeg"}],"twitter_card":"summary_large_image","twitter_misc":{"Ber\u00e4knad l\u00e4stid":"2 minuter"},"schema":{"@context":"https:\/\/schema.org","@graph":[{"@type":"WebPage","@id":"https:\/\/ayn.templweb.com\/foretag\/kontakta-oss\/","url":"https:\/\/ayn.templweb.com\/foretag\/kontakta-oss\/","name":"Kontakta oss - Hemmakv\u00e4ll - F\u00f6retag","isPartOf":{"@id":"https:\/\/ayn.templweb.com\/foretag\/#website"},"datePublished":"2023-11-07T13:09:48+00:00","dateModified":"2023-12-19T14:26:53+00:00","breadcrumb":{"@id":"https:\/\/ayn.templweb.com\/foretag\/kontakta-oss\/#breadcrumb"},"inLanguage":"sv-SE","potentialAction":[{"@type":"ReadAction","target":["https:\/\/ayn.templweb.com\/foretag\/kontakta-oss\/"]}]},{"@type":"BreadcrumbList","@id":"https:\/\/ayn.templweb.com\/foretag\/kontakta-oss\/#breadcrumb","itemListElement":[{"@type":"ListItem","position":1,"name":"Hem","item":"https:\/\/ayn.templweb.com\/foretag\/"},{"@type":"ListItem","position":2,"name":"Kontakta oss"}]},{"@type":"WebSite","@id":"https:\/\/ayn.templweb.com\/foretag\/#website","url":"https:\/\/ayn.templweb.com\/foretag\/","name":"Hemmakv\u00e4ll - F\u00f6retag","description":"","publisher":{"@id":"https:\/\/ayn.templweb.com\/foretag\/#organization"},"potentialAction":[{"@type":"SearchAction","target":{"@type":"EntryPoint","urlTemplate":"https:\/\/ayn.templweb.com\/foretag\/?s={search_term_string}"},"query-input":{"@type":"PropertyValueSpecification","valueRequired":true,"valueName":"search_term_string"}}],"inLanguage":"sv-SE"},{"@type":"Organization","@id":"https:\/\/ayn.templweb.com\/foretag\/#organization","name":"Hemmakv\u00e4ll - F\u00f6retag","url":"https:\/\/ayn.templweb.com\/foretag\/","logo":{"@type":"ImageObject","inLanguage":"sv-SE","@id":"https:\/\/ayn.templweb.com\/foretag\/#\/schema\/logo\/image\/","url":"https:\/\/ayn.templweb.com\/foretag\/wp-content\/uploads\/sites\/2\/2023\/12\/hemmakvall-logo-1200.png","contentUrl":"https:\/\/ayn.templweb.com\/foretag\/wp-content\/uploads\/sites\/2\/2023\/12\/hemmakvall-logo-1200.png","width":1201,"height":261,"caption":"Hemmakv\u00e4ll - F\u00f6retag"},"image":{"@id":"https:\/\/ayn.templweb.com\/foretag\/#\/schema\/logo\/image\/"}}]}},"_links":{"self":[{"href":"https:\/\/ayn.templweb.com\/foretag\/wp-json\/wp\/v2\/pages\/17","targetHints":{"allow":["GET"]}}],"collection":[{"href":"https:\/\/ayn.templweb.com\/foretag\/wp-json\/wp\/v2\/pages"}],"about":[{"href":"https:\/\/ayn.templweb.com\/foretag\/wp-json\/wp\/v2\/types\/page"}],"author":[{"embeddable":true,"href":"https:\/\/ayn.templweb.com\/foretag\/wp-json\/wp\/v2\/users\/1"}],"replies":[{"embeddable":true,"href":"https:\/\/ayn.templweb.com\/foretag\/wp-json\/wp\/v2\/comments?post=17"}],"version-history":[{"count":11,"href":"https:\/\/ayn.templweb.com\/foretag\/wp-json\/wp\/v2\/pages\/17\/revisions"}],"predecessor-version":[{"id":1430,"href":"https:\/\/ayn.templweb.com\/foretag\/wp-json\/wp\/v2\/pages\/17\/revisions\/1430"}],"wp:attachment":[{"href":"https:\/\/ayn.templweb.com\/foretag\/wp-json\/wp\/v2\/media?parent=17"}],"curies":[{"name":"wp","href":"https:\/\/api.w.org\/{rel}","templated":true}]}}