{"id":1422,"date":"2023-12-19T15:12:50","date_gmt":"2023-12-19T14:12:50","guid":{"rendered":"https:\/\/ayn.templweb.com\/foretag\/?page_id=1422"},"modified":"2024-02-09T13:56:27","modified_gmt":"2024-02-09T12:56:27","slug":"hitta-butik","status":"publish","type":"page","link":"https:\/\/ayn.templweb.com\/foretag\/hitta-butik\/","title":{"rendered":"Hitta butik"},"content":{"rendered":"\n\n  <div class=\"banner has-hover stripe turkos\" id=\"banner-1813429987\">\n          <div class=\"banner-inner fill\">\n        <div class=\"banner-bg fill\" >\n            <div class=\"bg fill bg-fill \"><\/div>\n                                    \n                    <\/div>\n\t\t\n        <div class=\"banner-layers container\">\n            <div class=\"fill banner-link\"><\/div>            \n\n   <div id=\"text-box-2026913959\" class=\"text-box banner-layer x50 md-x50 lg-x50 y35 md-y50 lg-y35 res-text\">\n                                <div class=\"text-box-content text dark\">\n              \n              <div class=\"text-inner text-center\">\n                  \n\n\t<div id=\"text-937965598\" class=\"text hero_undertext\">\n\t\t\n\n<h1>HITTA BUTIK<\/h1>\n\t\t\t<\/div>\n\t\n\n              <\/div>\n           <\/div>\n                            \n<style>\n#text-box-2026913959 {\n  width: 96%;\n}\n#text-box-2026913959 .text-box-content {\n  font-size: 100%;\n}\n@media (min-width:550px) {\n  #text-box-2026913959 {\n    width: 97%;\n  }\n}\n@media (min-width:850px) {\n  #text-box-2026913959 {\n    width: 60%;\n  }\n}\n<\/style>\n    <\/div>\n \n\n        <\/div>\n      <\/div>\n\n            \n<style>\n#banner-1813429987 {\n  padding-top: 200px;\n}\n@media (min-width:550px) {\n  #banner-1813429987 {\n    padding-top: 650px;\n  }\n}\n@media (min-width:850px) {\n  #banner-1813429987 {\n    padding-top: 235px;\n  }\n}\n<\/style>\n  <\/div>\n\n\n<div class=\"row row-small align-center\"  id=\"row-1447834254\">\n\n\n\t<div id=\"col-1811511169\" class=\"col medium-3 small-6 large-3\"  >\n\t\t\t\t<div class=\"col-inner\"  >\n\t\t\t\n\t\t\t\n\n\t<div id=\"text-1458440471\" class=\"text\">\n\t\t\n\n<h3>Vi finns p\u00e5<\/h3>\n\t\t\n<style>\n#text-1458440471 {\n  text-align: right;\n}\n<\/style>\n\t<\/div>\n\t\n\n\t\t<\/div>\n\t\t\t\t\t<\/div>\n\n\t\n\n\t<div id=\"col-1442578173\" class=\"col medium-3 small-6 large-3\"  >\n\t\t\t\t<div class=\"col-inner\"  >\n\t\t\t\n\t\t\t\n\n\t<div class=\"img has-hover x md-x lg-x y md-y lg-y\" id=\"image_596093050\">\n\t\t\t\t\t\t\t\t<div class=\"img-inner dark\" >\n\t\t\t<img loading=\"lazy\" decoding=\"async\" width=\"1921\" height=\"467\" src=\"https:\/\/ayn.templweb.com\/foretag\/wp-content\/uploads\/sites\/2\/2024\/02\/foodora_hk_logo.png\" class=\"attachment-original size-original\" alt=\"\" srcset=\"https:\/\/ayn.templweb.com\/foretag\/wp-content\/uploads\/sites\/2\/2024\/02\/foodora_hk_logo.png 1921w, https:\/\/ayn.templweb.com\/foretag\/wp-content\/uploads\/sites\/2\/2024\/02\/foodora_hk_logo-300x73.png 300w, https:\/\/ayn.templweb.com\/foretag\/wp-content\/uploads\/sites\/2\/2024\/02\/foodora_hk_logo-1024x249.png 1024w, https:\/\/ayn.templweb.com\/foretag\/wp-content\/uploads\/sites\/2\/2024\/02\/foodora_hk_logo-768x187.png 768w, https:\/\/ayn.templweb.com\/foretag\/wp-content\/uploads\/sites\/2\/2024\/02\/foodora_hk_logo-1536x373.png 1536w, https:\/\/ayn.templweb.com\/foretag\/wp-content\/uploads\/sites\/2\/2024\/02\/foodora_hk_logo-600x146.png 600w\" sizes=\"auto, (max-width: 1921px) 100vw, 1921px\" \/>\t\t\t\t\t\t\n\t\t\t\t\t<\/div>\n\t\t\t\t\t\t\t\t\n<style>\n#image_596093050 {\n  width: 74%;\n}\n@media (min-width:550px) {\n  #image_596093050 {\n    width: 69%;\n  }\n}\n@media (min-width:850px) {\n  #image_596093050 {\n    width: 45%;\n  }\n}\n<\/style>\n\t<\/div>\n\t\n\n\n\t\t<\/div>\n\t\t\t\t\n<style>\n#col-1442578173 > .col-inner {\n  margin: 4px 0px 0px 0px;\n}\n<\/style>\n\t<\/div>\n\n\t\n\n<\/div>\n<div class=\"row\"  id=\"row-672032042\">\n\n\n\t<div id=\"col-649905551\" class=\"col small-12 large-12\"  >\n\t\t\t\t<div class=\"col-inner text-center\"  >\n\t\t\t\n\t\t\t\n\n<a href=\"#foodora\" class=\"button primary lowercase\"  >\n    <span>Se om din butik \u00e4r ansluten<\/span>\n  <\/a>\n\n\n\n\t\t<\/div>\n\t\t\t\t\n<style>\n#col-649905551 > .col-inner {\n  padding: 0px 0px 0px 0px;\n}\n@media (min-width:550px) {\n  #col-649905551 > .col-inner {\n    padding: 0px 25px 0px 0px;\n  }\n}\n@media (min-width:850px) {\n  #col-649905551 > .col-inner {\n    padding: 0px 24px 0px 0px;\n  }\n}\n<\/style>\n\t<\/div>\n\n\t\n\n<\/div>\n<div class=\"row align-center\"  id=\"row-421063248\">\n\n\n\t<div id=\"col-1606740561\" class=\"col medium-6 small-12 large-6\"  >\n\t\t\t\t<div class=\"col-inner\"  >\n\t\t\t\n\t\t\t\n\n\n\t\t<div class=\"icon-box featured-box icon-box-top text-left\"  >\n\t\t\t\t<div class=\"icon-box-text last-reset\">\n\t\t\t\t\t\t\t\t\t\n\n\t<div id=\"text-3937057745\" class=\"text hidden\">\n\t\t\n\n<p>Vi finns p\u00e5 Foodora! Se vilka butiker som \u00e4r anslutna <a href=\"#foodora\"><span style=\"text-decoration: underline;\"><strong>h\u00e4r<\/strong><\/span><\/a><\/p>\n\t\t\n<style>\n#text-3937057745 {\n  text-align: center;\n}\n<\/style>\n\t<\/div>\n\t\n\n\t\t<\/div>\n\t<\/div>\n\t\n\t\n\n\t\t<\/div>\n\t\t\t\t\t<\/div>\n\n\t\n\n<\/div>\n<div class=\"row align-center\"  id=\"row-1807712019\">\n\n\n\t<div id=\"col-774526738\" class=\"col small-12 large-12\"  >\n\t\t\t\t<div class=\"col-inner text-center\"  >\n\t\t\t\n\t\t\t\n\n\n\n[SLPLUS]\n\n\n\t\t<\/div>\n\t\t\t\t\t<\/div>\n\n\t\n\n<\/div>\n\n\n\t<div id=\"foodora\"\n\t     class=\"lightbox-by-id lightbox-content mfp-hide lightbox-white \"\n\t     style=\"max-width:900px ;padding:0px\">\n\t\t \t<section class=\"section\" id=\"section_1617603120\">\n\t\t<div class=\"bg section-bg fill bg-fill  bg-loaded\" >\n\n\t\t\t\n\t\t\t\n\t\t\t\n\n\t\t<\/div>\n\n\t\t\n\n\t\t<div class=\"section-content relative\">\n\t\t\t\n\n<div class=\"row align-center\"  id=\"row-641474565\">\n\n\n\t<div id=\"col-1799783407\" class=\"col medium-8 small-12 large-8\"  >\n\t\t\t\t<div class=\"col-inner\" style=\"background-color:rgb(255,255,255);\" >\n\t\t\t\n\t\t\t\n\n\t<div id=\"text-1581044745\" class=\"text\">\n\t\t\n\n<h2>Leverans med Foodora<\/h2>\n\t\t\n<style>\n#text-1581044745 {\n  text-align: center;\n}\n<\/style>\n\t<\/div>\n\t\n\t<div id=\"text-2547353177\" class=\"text\">\n\t\t\n\n<p>Borl\u00e4nge, Sveagatan<br \/>Bor\u00e5s, Stora Brogatan<br \/>Falkenberg, Nygatan<br \/>Falun, H\u00e4lsingetorget<br \/>G\u00f6teborg, Fr\u00f6lunda Torg<br \/>G\u00f6teborg, Kongah\u00e4lla Center<br \/>G\u00f6teborg, Odinsplatsen<br \/>Halmstad, Fredriksvallsgatan<br \/>Halmstad, Hallarna k\u00f6pcentrum<br \/>Helsingborg, Gasverksgatan<br \/>Helsingborg, Hj\u00e4lmhultsgatan<br \/>Helsingborg, V\u00e4la k\u00f6pcentrum<br \/>J\u00f6nk\u00f6ping, Lantm\u00e4targr\u00e4nd<br \/>J\u00f6nk\u00f6ping, Kompanigatan<br \/>Kalmar, Fiskaregatan<br \/>Karlshamn, S\u00f6dra Fogdelyckegatan<br \/>Karlskrona, Parkgatan<br \/>Karlstad, \u00d6stra Torggatan<br \/>Kristianstad, C4<br \/>Kristianstad, \u00d6 Boulevarden<br \/>Kungsbacka, S\u00f6dra Torggatan<br \/>Landskrona, \u00d6stergatan<br \/>Lidk\u00f6ping, Skaragatan<br \/>Link\u00f6ping, Klostergatan<br \/>Lule\u00e5, Storgatan<br \/>Lund, Bankgatan<br \/>Malm\u00f6, Amiralsgatan<br \/>Malm\u00f6, Emporia<br \/>Malm\u00f6, Limhamn<br \/>Malm\u00f6, Regementsgatan<br \/>Malm\u00f6, Triangeln<br \/>M\u00f6lndal, G\u00f6teborgsv\u00e4gen<br \/>Norrk\u00f6ping, Drottninggatan<br \/>Norrt\u00e4lje, Billborgsgatan<br \/>Pite\u00e5, Uddmansgatan<br \/>Skellefte\u00e5, Nygatan<br \/>Sk\u00f6vde, S:t Sigfrids gata<br \/>Stockholm, Hammarby Sj\u00f6stad<br \/>Stockholm, Kista Galleria<br \/>Sundbyberg, Sturegatan<br \/>Sundsvall, Kyrkogatan<br \/>Trelleborg, Algatan<br \/>Trollh\u00e4ttan, Kungsgatan<br \/>Tyres\u00f6, Tyres\u00f6 Centrum<br \/>Uddevalla, Kungsgatan<br \/>Ume\u00e5, Storgatan<br \/>Uppsala, Drottninggatan<br \/>Varberg, V\u00e4stra Vallgatan<br \/>Visby, Skolportsgatan<br \/>V\u00e4nersborg, Kungsgatan<br \/>V\u00e4stervik, Gr\u00f6nsakstorget<br \/>V\u00e4ster\u00e5s, Vasagatan<br \/>V\u00e4xj\u00f6, Storgatan<br \/>V\u00e4xj\u00f6, Markenteriv\u00e4gen<br \/>Ystad, Stora \u00d6stergatan<br \/>\u00c4ngelholm, Storgatan<br \/>\u00d6rebro, Drottninggatan<br \/>\u00d6rnsk\u00f6ldsvik, Nygatan<br \/>\u00d6stersund, Storgatan<\/p>\n\t\t\n<style>\n#text-2547353177 {\n  text-align: left;\n  color: rgb(0,0,0);\n}\n#text-2547353177 > * {\n  color: rgb(0,0,0);\n}\n<\/style>\n\t<\/div>\n\t\n\n\t\t<\/div>\n\t\t\t\t\n<style>\n#col-1799783407 > .col-inner {\n  padding: 20px 20px 20px 20px;\n  border-radius: 10px;\n}\n<\/style>\n\t<\/div>\n\n\t\n\n<\/div>\n\n\t\t<\/div>\n\n\t\t\n<style>\n#section_1617603120 {\n  padding-top: 30px;\n  padding-bottom: 30px;\n}\n<\/style>\n\t<\/section>\n\t\t<\/div>\n\t\n\t\n\n\n","protected":false},"excerpt":{"rendered":"","protected":false},"author":1,"featured_media":0,"parent":0,"menu_order":0,"comment_status":"closed","ping_status":"closed","template":"page-blank.php","meta":{"_acf_changed":false,"footnotes":""},"class_list":["post-1422","page","type-page","status-publish","hentry"],"acf":[],"yoast_head":"<!-- This site is optimized with the Yoast SEO plugin v26.6 - https:\/\/yoast.com\/wordpress\/plugins\/seo\/ -->\n<title>Hitta butik - Hemmakv\u00e4ll - F\u00f6retag<\/title>\n<meta name=\"robots\" content=\"index, follow, max-snippet:-1, max-image-preview:large, max-video-preview:-1\" \/>\n<link rel=\"canonical\" href=\"https:\/\/ayn.templweb.com\/foretag\/hitta-butik\/\" \/>\n<meta property=\"og:locale\" content=\"sv_SE\" \/>\n<meta property=\"og:type\" content=\"article\" \/>\n<meta property=\"og:title\" content=\"Hitta butik - Hemmakv\u00e4ll - F\u00f6retag\" \/>\n<meta property=\"og:url\" content=\"https:\/\/ayn.templweb.com\/foretag\/hitta-butik\/\" \/>\n<meta property=\"og:site_name\" content=\"Hemmakv\u00e4ll - F\u00f6retag\" \/>\n<meta property=\"article:modified_time\" content=\"2024-02-09T12:56:27+00:00\" \/>\n<meta property=\"og:image\" content=\"https:\/\/ayn.templweb.com\/foretag\/wp-content\/uploads\/sites\/2\/2023\/12\/sektion_21_square.jpg\" \/>\n\t<meta property=\"og:image:width\" content=\"1200\" \/>\n\t<meta property=\"og:image:height\" content=\"1200\" \/>\n\t<meta property=\"og:image:type\" content=\"image\/jpeg\" \/>\n<meta name=\"twitter:card\" content=\"summary_large_image\" \/>\n<meta name=\"twitter:label1\" content=\"Ber\u00e4knad l\u00e4stid\" \/>\n\t<meta name=\"twitter:data1\" content=\"1 minut\" \/>\n<script type=\"application\/ld+json\" class=\"yoast-schema-graph\">{\"@context\":\"https:\/\/schema.org\",\"@graph\":[{\"@type\":\"WebPage\",\"@id\":\"https:\/\/ayn.templweb.com\/foretag\/hitta-butik\/\",\"url\":\"https:\/\/ayn.templweb.com\/foretag\/hitta-butik\/\",\"name\":\"Hitta butik - Hemmakv\u00e4ll - F\u00f6retag\",\"isPartOf\":{\"@id\":\"https:\/\/ayn.templweb.com\/foretag\/#website\"},\"datePublished\":\"2023-12-19T14:12:50+00:00\",\"dateModified\":\"2024-02-09T12:56:27+00:00\",\"breadcrumb\":{\"@id\":\"https:\/\/ayn.templweb.com\/foretag\/hitta-butik\/#breadcrumb\"},\"inLanguage\":\"sv-SE\",\"potentialAction\":[{\"@type\":\"ReadAction\",\"target\":[\"https:\/\/ayn.templweb.com\/foretag\/hitta-butik\/\"]}]},{\"@type\":\"BreadcrumbList\",\"@id\":\"https:\/\/ayn.templweb.com\/foretag\/hitta-butik\/#breadcrumb\",\"itemListElement\":[{\"@type\":\"ListItem\",\"position\":1,\"name\":\"Hem\",\"item\":\"https:\/\/ayn.templweb.com\/foretag\/\"},{\"@type\":\"ListItem\",\"position\":2,\"name\":\"Hitta butik\"}]},{\"@type\":\"WebSite\",\"@id\":\"https:\/\/ayn.templweb.com\/foretag\/#website\",\"url\":\"https:\/\/ayn.templweb.com\/foretag\/\",\"name\":\"Hemmakv\u00e4ll - F\u00f6retag\",\"description\":\"\",\"publisher\":{\"@id\":\"https:\/\/ayn.templweb.com\/foretag\/#organization\"},\"potentialAction\":[{\"@type\":\"SearchAction\",\"target\":{\"@type\":\"EntryPoint\",\"urlTemplate\":\"https:\/\/ayn.templweb.com\/foretag\/?s={search_term_string}\"},\"query-input\":{\"@type\":\"PropertyValueSpecification\",\"valueRequired\":true,\"valueName\":\"search_term_string\"}}],\"inLanguage\":\"sv-SE\"},{\"@type\":\"Organization\",\"@id\":\"https:\/\/ayn.templweb.com\/foretag\/#organization\",\"name\":\"Hemmakv\u00e4ll - F\u00f6retag\",\"url\":\"https:\/\/ayn.templweb.com\/foretag\/\",\"logo\":{\"@type\":\"ImageObject\",\"inLanguage\":\"sv-SE\",\"@id\":\"https:\/\/ayn.templweb.com\/foretag\/#\/schema\/logo\/image\/\",\"url\":\"https:\/\/ayn.templweb.com\/foretag\/wp-content\/uploads\/sites\/2\/2023\/12\/hemmakvall-logo-1200.png\",\"contentUrl\":\"https:\/\/ayn.templweb.com\/foretag\/wp-content\/uploads\/sites\/2\/2023\/12\/hemmakvall-logo-1200.png\",\"width\":1201,\"height\":261,\"caption\":\"Hemmakv\u00e4ll - F\u00f6retag\"},\"image\":{\"@id\":\"https:\/\/ayn.templweb.com\/foretag\/#\/schema\/logo\/image\/\"}}]}<\/script>\n<!-- \/ Yoast SEO plugin. -->","yoast_head_json":{"title":"Hitta butik - Hemmakv\u00e4ll - F\u00f6retag","robots":{"index":"index","follow":"follow","max-snippet":"max-snippet:-1","max-image-preview":"max-image-preview:large","max-video-preview":"max-video-preview:-1"},"canonical":"https:\/\/ayn.templweb.com\/foretag\/hitta-butik\/","og_locale":"sv_SE","og_type":"article","og_title":"Hitta butik - Hemmakv\u00e4ll - F\u00f6retag","og_url":"https:\/\/ayn.templweb.com\/foretag\/hitta-butik\/","og_site_name":"Hemmakv\u00e4ll - F\u00f6retag","article_modified_time":"2024-02-09T12:56:27+00:00","og_image":[{"width":1200,"height":1200,"url":"https:\/\/ayn.templweb.com\/foretag\/wp-content\/uploads\/sites\/2\/2023\/12\/sektion_21_square.jpg","type":"image\/jpeg"}],"twitter_card":"summary_large_image","twitter_misc":{"Ber\u00e4knad l\u00e4stid":"1 minut"},"schema":{"@context":"https:\/\/schema.org","@graph":[{"@type":"WebPage","@id":"https:\/\/ayn.templweb.com\/foretag\/hitta-butik\/","url":"https:\/\/ayn.templweb.com\/foretag\/hitta-butik\/","name":"Hitta butik - Hemmakv\u00e4ll - F\u00f6retag","isPartOf":{"@id":"https:\/\/ayn.templweb.com\/foretag\/#website"},"datePublished":"2023-12-19T14:12:50+00:00","dateModified":"2024-02-09T12:56:27+00:00","breadcrumb":{"@id":"https:\/\/ayn.templweb.com\/foretag\/hitta-butik\/#breadcrumb"},"inLanguage":"sv-SE","potentialAction":[{"@type":"ReadAction","target":["https:\/\/ayn.templweb.com\/foretag\/hitta-butik\/"]}]},{"@type":"BreadcrumbList","@id":"https:\/\/ayn.templweb.com\/foretag\/hitta-butik\/#breadcrumb","itemListElement":[{"@type":"ListItem","position":1,"name":"Hem","item":"https:\/\/ayn.templweb.com\/foretag\/"},{"@type":"ListItem","position":2,"name":"Hitta butik"}]},{"@type":"WebSite","@id":"https:\/\/ayn.templweb.com\/foretag\/#website","url":"https:\/\/ayn.templweb.com\/foretag\/","name":"Hemmakv\u00e4ll - F\u00f6retag","description":"","publisher":{"@id":"https:\/\/ayn.templweb.com\/foretag\/#organization"},"potentialAction":[{"@type":"SearchAction","target":{"@type":"EntryPoint","urlTemplate":"https:\/\/ayn.templweb.com\/foretag\/?s={search_term_string}"},"query-input":{"@type":"PropertyValueSpecification","valueRequired":true,"valueName":"search_term_string"}}],"inLanguage":"sv-SE"},{"@type":"Organization","@id":"https:\/\/ayn.templweb.com\/foretag\/#organization","name":"Hemmakv\u00e4ll - F\u00f6retag","url":"https:\/\/ayn.templweb.com\/foretag\/","logo":{"@type":"ImageObject","inLanguage":"sv-SE","@id":"https:\/\/ayn.templweb.com\/foretag\/#\/schema\/logo\/image\/","url":"https:\/\/ayn.templweb.com\/foretag\/wp-content\/uploads\/sites\/2\/2023\/12\/hemmakvall-logo-1200.png","contentUrl":"https:\/\/ayn.templweb.com\/foretag\/wp-content\/uploads\/sites\/2\/2023\/12\/hemmakvall-logo-1200.png","width":1201,"height":261,"caption":"Hemmakv\u00e4ll - F\u00f6retag"},"image":{"@id":"https:\/\/ayn.templweb.com\/foretag\/#\/schema\/logo\/image\/"}}]}},"_links":{"self":[{"href":"https:\/\/ayn.templweb.com\/foretag\/wp-json\/wp\/v2\/pages\/1422","targetHints":{"allow":["GET"]}}],"collection":[{"href":"https:\/\/ayn.templweb.com\/foretag\/wp-json\/wp\/v2\/pages"}],"about":[{"href":"https:\/\/ayn.templweb.com\/foretag\/wp-json\/wp\/v2\/types\/page"}],"author":[{"embeddable":true,"href":"https:\/\/ayn.templweb.com\/foretag\/wp-json\/wp\/v2\/users\/1"}],"replies":[{"embeddable":true,"href":"https:\/\/ayn.templweb.com\/foretag\/wp-json\/wp\/v2\/comments?post=1422"}],"version-history":[{"count":10,"href":"https:\/\/ayn.templweb.com\/foretag\/wp-json\/wp\/v2\/pages\/1422\/revisions"}],"predecessor-version":[{"id":1619,"href":"https:\/\/ayn.templweb.com\/foretag\/wp-json\/wp\/v2\/pages\/1422\/revisions\/1619"}],"wp:attachment":[{"href":"https:\/\/ayn.templweb.com\/foretag\/wp-json\/wp\/v2\/media?parent=1422"}],"curies":[{"name":"wp","href":"https:\/\/api.w.org\/{rel}","templated":true}]}}