{"id":16,"date":"2023-10-16T12:59:05","date_gmt":"2023-10-16T12:59:05","guid":{"rendered":"https:\/\/ayn.templweb.com\/?page_id=16"},"modified":"2023-12-21T11:01:21","modified_gmt":"2023-12-21T10:01:21","slug":"vanliga-fragor","status":"publish","type":"page","link":"https:\/\/ayn.templweb.com\/forening\/vanliga-fragor\/","title":{"rendered":"Vanliga fr\u00e5gor"},"content":{"rendered":"\n\n  <div class=\"banner has-hover stripe yellow\" id=\"banner-1568608083\">\n          <div class=\"banner-inner fill\">\n        <div class=\"banner-bg fill\" >\n            <div class=\"bg fill bg-fill \"><\/div>\n                                    \n                    <\/div>\n\t\t\n\t<div class=\"ux-shape-divider ux-shape-divider--bottom ux-shape-divider--style-curve\">\n\t\t<svg viewBox=\"0 0 1000 100\" xmlns=\"http:\/\/www.w3.org\/2000\/svg\" preserveAspectRatio=\"none\">\n\t<path class=\"ux-shape-fill\" d=\"M0 0C0 0 200 50 500 50C800 50 1000 0 1000 0V101H0V1V0Z\"\/>\n<\/svg>\n\t<\/div>\n        <div class=\"banner-layers container\">\n            <div class=\"fill banner-link\"><\/div>            \n\n   <div id=\"text-box-2128182740\" class=\"text-box banner-layer x50 md-x50 lg-x50 y85 md-y50 lg-y50 res-text\">\n                                <div class=\"text-box-content text dark\">\n              \n              <div class=\"text-inner text-center\">\n                  \n\n\t<div id=\"text-2765737292\" class=\"text hero_undertext\">\n\t\t\n\n<h1>FR\u00c5GOR OCH SVAR<\/h1>\n<p>H\u00e4r har vi samlat det vanligaste fr\u00e5gorna, finner du inte den fr\u00e5gan du vill ha svar p\u00e5?<\/p>\n\t\t\n<style>\n#text-2765737292 {\n  color: rgb(255,255,255);\n}\n#text-2765737292 > * {\n  color: rgb(255,255,255);\n}\n<\/style>\n\t<\/div>\n\t\n<a href=\"\/forening\/kontakt\/\" class=\"button white lowercase\"  >\n    <span>Kontakta oss<\/span>\n  <\/a>\n\n\n\n              <\/div>\n           <\/div>\n                            \n<style>\n#text-box-2128182740 {\n  width: 90%;\n}\n#text-box-2128182740 .text-box-content {\n  font-size: 100%;\n}\n@media (min-width:550px) {\n  #text-box-2128182740 {\n    width: 60%;\n  }\n}\n<\/style>\n    <\/div>\n \n\n        <\/div>\n      <\/div>\n\n            \n<style>\n#banner-1568608083 {\n  padding-top: 538px;\n}\n#banner-1568608083 .ux-shape-divider--bottom svg {\n  height: 68px;\n  --divider-width: 150%;\n}\n@media (min-width:550px) {\n  #banner-1568608083 {\n    padding-top: 525px;\n  }\n  #banner-1568608083 .ux-shape-divider--bottom svg {\n    height: 175px;\n  }\n}\n<\/style>\n  <\/div>\n\n\n<div class=\"row\"  id=\"row-1400756041\">\n\n\n\t<div id=\"col-992387110\" class=\"col small-12 large-12\"  >\n\t\t\t\t<div class=\"col-inner\"  >\n\t\t\t\n\t\t\t\n\n<h2>Vilket \u00e4mne handlar din fr\u00e5ga om?<\/h2>\n<div class=\"row\"  id=\"row-1006456211\">\n\n\n\t<div id=\"col-1685318804\" class=\"col small-12 large-12\"  >\n\t\t\t\t<div class=\"col-inner\"  >\n\t\t\t\n\t\t\t\n\n<a href=\"#bestallning\" class=\"button primary is-underline\"  >\n    <span>Best\u00e4llning\/leverans<\/span>\n  <\/a>\n\n\n<a href=\"#praktiskafragor\" class=\"button primary is-underline\"  >\n    <span>Praktiska fr\u00e5gor<\/span>\n  <\/a>\n\n\n<a href=\"#produkter\" class=\"button primary is-underline\"  >\n    <span>Om v\u00e5ra produkter<\/span>\n  <\/a>\n\n\n\n\t\t<\/div>\n\t\t\t\t\t<\/div>\n\n\t\n\n<\/div>\n\n\t\t<\/div>\n\t\t\t\t\t<\/div>\n\n\t\n\n<\/div>\n<span class=\"scroll-to\" data-label=\"Scroll to: #bestallning\" data-bullet=\"false\" data-link=\"#bestallning\" data-title=\"bestallning\" ><a name=\"bestallning\"><\/a><\/span>\n\n<div class=\"row align-equal\"  id=\"row-1547620416\">\n\n\n\t<div id=\"col-937388287\" class=\"col stripe-inner red small-12 large-12\"  >\n\t\t\t\t<div class=\"col-inner\"  >\n\t\t\t\n\t\t\t\n\n\t<div id=\"text-2984620980\" class=\"text\">\n\t\t\n\n<h3>BEST\u00c4LLNING \/ LEVERANS<br \/>\n<\/h3>\n\t\t\n<style>\n#text-2984620980 {\n  text-align: center;\n  color: rgb(255,255,255);\n}\n#text-2984620980 > * {\n  color: rgb(255,255,255);\n}\n<\/style>\n\t<\/div>\n\t\n<div class=\"accordion\">\n\n\t<div id=\"accordion-3156155568\" class=\"accordion-item\">\n\t\t<a id=\"accordion-3156155568-label\" class=\"accordion-title plain\" href=\"#accordion-item-hur-ska-f\u00f6rs\u00e4ljningen-sammanst\u00e4llas-och-skickas-in?\" aria-expanded=\"false\" aria-controls=\"accordion-3156155568-content\" >\n\t\t\t<button class=\"toggle\" aria-label=\"Toggle\"><i class=\"icon-angle-down\"><\/i><\/button>\n\t\t\t<span>Hur ska f\u00f6rs\u00e4ljningen sammanst\u00e4llas och skickas in?<\/span>\n\t\t<\/a>\n\t\t<div id=\"accordion-3156155568-content\" class=\"accordion-inner\" aria-labelledby=\"accordion-3156155568-label\" >\n\t\t\t\n\n\t<div id=\"text-317839799\" class=\"text\">\n\t\t\n\n<p>Er utsedda kontaktperson sammanst\u00e4ller allas best\u00e4llning och g\u00e5r in <a href=\"\/forening\/bestall-produkter\/\"><span style=\"text-decoration: underline;\">h\u00e4r<\/span><\/a>!<\/p>\n\t\t\n<style>\n#text-317839799 {\n  color: rgb(0,0,0);\n}\n#text-317839799 > * {\n  color: rgb(0,0,0);\n}\n<\/style>\n\t<\/div>\n\t\n\n\t\t<\/div>\n\t<\/div>\n\t\n\t<div id=\"accordion-3184349095\" class=\"accordion-item\">\n\t\t<a id=\"accordion-3184349095-label\" class=\"accordion-title plain\" href=\"#accordion-item-kan-vi-ta-emot-fler-best\u00e4llningar-efter-vi-skickat-in-best\u00e4llning-till-er?\" aria-expanded=\"false\" aria-controls=\"accordion-3184349095-content\" >\n\t\t\t<button class=\"toggle\" aria-label=\"Toggle\"><i class=\"icon-angle-down\"><\/i><\/button>\n\t\t\t<span>Kan vi ta emot fler best\u00e4llningar efter vi skickat in best\u00e4llning till er?<\/span>\n\t\t<\/a>\n\t\t<div id=\"accordion-3184349095-content\" class=\"accordion-inner\" aria-labelledby=\"accordion-3184349095-label\" >\n\t\t\t\n\n\t<div id=\"text-1447063617\" class=\"text\">\n\t\t\n\n<p>Ja, det g\u00e5r bra. D\u00e5 g\u00f6r kontaktpersonen en ny best\u00e4llning p\u00e5 endast de kompletterande produkterna.<\/p>\n\t\t\n<style>\n#text-1447063617 {\n  color: rgb(0,0,0);\n}\n#text-1447063617 > * {\n  color: rgb(0,0,0);\n}\n<\/style>\n\t<\/div>\n\t\n\n\t\t<\/div>\n\t<\/div>\n\t\n\t<div id=\"accordion-4122044098\" class=\"accordion-item\">\n\t\t<a id=\"accordion-4122044098-label\" class=\"accordion-title plain\" href=\"#accordion-item-n\u00e4r-har-vi-produkter-klara-f\u00f6r-att-dela-ut-till-kunderna?\" aria-expanded=\"false\" aria-controls=\"accordion-4122044098-content\" >\n\t\t\t<button class=\"toggle\" aria-label=\"Toggle\"><i class=\"icon-angle-down\"><\/i><\/button>\n\t\t\t<span>N\u00e4r har vi produkter klara f\u00f6r att dela ut till kunderna?<\/span>\n\t\t<\/a>\n\t\t<div id=\"accordion-4122044098-content\" class=\"accordion-inner\" aria-labelledby=\"accordion-4122044098-label\" >\n\t\t\t\n\n\t<div id=\"text-46379597\" class=\"text\">\n\t\t\n\n<p>N\u00e4r kontaktpersonen l\u00e4gger er best\u00e4llning \u00e4r avh\u00e4mtningsdag tidigast 2 veckor fram, vill ni ha ett senare datum g\u00e5r detta bra. S\u00e5 fort ni har f\u00e5tt produkterna \u00e4r det bara att dela ut.<\/p>\n\t\t\n<style>\n#text-46379597 {\n  color: rgb(0,0,0);\n}\n#text-46379597 > * {\n  color: rgb(0,0,0);\n}\n<\/style>\n\t<\/div>\n\t\n\n\t\t<\/div>\n\t<\/div>\n\t\n\t<div id=\"accordion-2733659385\" class=\"accordion-item\">\n\t\t<a id=\"accordion-2733659385-label\" class=\"accordion-title plain\" href=\"#accordion-item-g\u00e5r-det-att-f\u00e5-produkterna-levererade?\" aria-expanded=\"false\" aria-controls=\"accordion-2733659385-content\" >\n\t\t\t<button class=\"toggle\" aria-label=\"Toggle\"><i class=\"icon-angle-down\"><\/i><\/button>\n\t\t\t<span>G\u00e5r det att f\u00e5 produkterna levererade?<\/span>\n\t\t<\/a>\n\t\t<div id=\"accordion-2733659385-content\" class=\"accordion-inner\" aria-labelledby=\"accordion-2733659385-label\" >\n\t\t\t\n\n\t<div id=\"text-1450647714\" class=\"text\">\n\t\t\n\n<p>Tyv\u00e4rr inte, endast avh\u00e4mtning i butik g\u00e4ller.<\/p>\n\t\t\n<style>\n#text-1450647714 {\n  color: rgb(0,0,0);\n}\n#text-1450647714 > * {\n  color: rgb(0,0,0);\n}\n<\/style>\n\t<\/div>\n\t\n\n\t\t<\/div>\n\t<\/div>\n\t\n\t<div id=\"accordion-3528124638\" class=\"accordion-item\">\n\t\t<a id=\"accordion-3528124638-label\" class=\"accordion-title plain\" href=\"#accordion-item-hur-g\u00f6r-vi-om-leveransen-inte-st\u00e4mmer?\" aria-expanded=\"false\" aria-controls=\"accordion-3528124638-content\" >\n\t\t\t<button class=\"toggle\" aria-label=\"Toggle\"><i class=\"icon-angle-down\"><\/i><\/button>\n\t\t\t<span>Hur g\u00f6r vi om leveransen inte st\u00e4mmer?<\/span>\n\t\t<\/a>\n\t\t<div id=\"accordion-3528124638-content\" class=\"accordion-inner\" aria-labelledby=\"accordion-3528124638-label\" >\n\t\t\t\n\n\t<div id=\"text-2519582752\" class=\"text\">\n\t\t\n\n<p>Kontakta butiken som ni h\u00e4mtade upp er i best\u00e4llning i.<\/p>\n\t\t\n<style>\n#text-2519582752 {\n  color: rgb(0,0,0);\n}\n#text-2519582752 > * {\n  color: rgb(0,0,0);\n}\n<\/style>\n\t<\/div>\n\t\n\n\t\t<\/div>\n\t<\/div>\n\t\n\n<\/div>\n\n\t\t<\/div>\n\t\t\t\t\n<style>\n#col-937388287 > .col-inner {\n  padding: 20px 20px 20px 20px;\n}\n<\/style>\n\t<\/div>\n\n\t\n\n\t<div id=\"col-59020717\" class=\"col stripe-inner turkos small-12 large-12\"  >\n\t\t\t\t<div class=\"col-inner\"  >\n\t\t\t\n\t\t\t\n\n<span class=\"scroll-to\" data-label=\"Scroll to: #praktiskafragor\" data-bullet=\"false\" data-link=\"#praktiskafragor\" data-title=\"praktiskafragor\" ><a name=\"praktiskafragor\"><\/a><\/span>\n\n\t<div id=\"text-3901101989\" class=\"text\">\n\t\t\n\n<h3>PRAKTISKT ATT VETA<br \/>\n<\/h3>\n\t\t\n<style>\n#text-3901101989 {\n  text-align: center;\n  color: rgb(255,255,255);\n}\n#text-3901101989 > * {\n  color: rgb(255,255,255);\n}\n<\/style>\n\t<\/div>\n\t\n<div class=\"accordion\">\n\n\t<div id=\"accordion-1801224282\" class=\"accordion-item\">\n\t\t<a id=\"accordion-1801224282-label\" class=\"accordion-title plain\" href=\"#accordion-item-vad-beh\u00f6ver-vi-f\u00f6r-att-kunna-b\u00f6rja-s\u00e4lja?\" aria-expanded=\"false\" aria-controls=\"accordion-1801224282-content\" >\n\t\t\t<button class=\"toggle\" aria-label=\"Toggle\"><i class=\"icon-angle-down\"><\/i><\/button>\n\t\t\t<span>Vad beh\u00f6ver vi f\u00f6r att kunna b\u00f6rja s\u00e4lja?<\/span>\n\t\t<\/a>\n\t\t<div id=\"accordion-1801224282-content\" class=\"accordion-inner\" aria-labelledby=\"accordion-1801224282-label\" >\n\t\t\t\n\n\t<div id=\"text-2599628030\" class=\"text\">\n\t\t\n\n<p>Ni beh\u00f6ver en kontaktperson som \u00e4r \u00f6ver 18 \u00e5r och har en regelbunden inkomst, exempelvis en l\u00e4rare, f\u00f6r\u00e4lder, lagledare etc. Kontaktpersonen \u00e4r den som sammanst\u00e4ller best\u00e4llningen, den som st\u00e5r p\u00e5 fakturan och den som m\u00e5ste vara med vid upph\u00e4mtning av best\u00e4llningen i butik. (Gl\u00f6m inte legitimation vid upph\u00e4mtning. Skickar du bud beh\u00f6vs b\u00e5das legitimation f\u00f6r att f\u00e5 h\u00e4mta best\u00e4llningen) Allt material ni beh\u00f6ver hittar ni <a href=\"\/forening\/saljmaterial\/\"><span style=\"text-decoration: underline;\">h\u00e4r<\/span><\/a>!<\/p>\n\t\t\n<style>\n#text-2599628030 {\n  color: rgb(0,0,0);\n}\n#text-2599628030 > * {\n  color: rgb(0,0,0);\n}\n<\/style>\n\t<\/div>\n\t\n\n\t\t<\/div>\n\t<\/div>\n\t\n\t<div id=\"accordion-984108608\" class=\"accordion-item\">\n\t\t<a id=\"accordion-984108608-label\" class=\"accordion-title plain\" href=\"#accordion-item-finns-det-n\u00e5gon-minsta-summa-vi-m\u00e5ste-s\u00e4lja-f\u00f6r?\" aria-expanded=\"false\" aria-controls=\"accordion-984108608-content\" >\n\t\t\t<button class=\"toggle\" aria-label=\"Toggle\"><i class=\"icon-angle-down\"><\/i><\/button>\n\t\t\t<span>Finns det n\u00e5gon minsta summa vi m\u00e5ste s\u00e4lja f\u00f6r?<\/span>\n\t\t<\/a>\n\t\t<div id=\"accordion-984108608-content\" class=\"accordion-inner\" aria-labelledby=\"accordion-984108608-label\" >\n\t\t\t\n\n\t<div id=\"text-3136445810\" class=\"text\">\n\t\t\n\n<p>Nej, ni s\u00e4ljer utifr\u00e5n ert egna m\u00e5l och f\u00f6ruts\u00e4ttningar.<\/p>\n\t\t\n<style>\n#text-3136445810 {\n  color: rgb(0,0,0);\n}\n#text-3136445810 > * {\n  color: rgb(0,0,0);\n}\n<\/style>\n\t<\/div>\n\t\n\n\t\t<\/div>\n\t<\/div>\n\t\n\t<div id=\"accordion-1516054718\" class=\"accordion-item\">\n\t\t<a id=\"accordion-1516054718-label\" class=\"accordion-title plain\" href=\"#accordion-item-kan-privatpersoner-s\u00e4lja-dessa-produkter?\" aria-expanded=\"false\" aria-controls=\"accordion-1516054718-content\" >\n\t\t\t<button class=\"toggle\" aria-label=\"Toggle\"><i class=\"icon-angle-down\"><\/i><\/button>\n\t\t\t<span>Kan privatpersoner s\u00e4lja dessa produkter?<\/span>\n\t\t<\/a>\n\t\t<div id=\"accordion-1516054718-content\" class=\"accordion-inner\" aria-labelledby=\"accordion-1516054718-label\" >\n\t\t\t\n\n\t<div id=\"text-2121026363\" class=\"text\">\n\t\t\n\n<p>Nej, endast klasser och f\u00f6reningar<\/p>\n\t\t\n<style>\n#text-2121026363 {\n  color: rgb(0,0,0);\n}\n#text-2121026363 > * {\n  color: rgb(0,0,0);\n}\n<\/style>\n\t<\/div>\n\t\n\n\t\t<\/div>\n\t<\/div>\n\t\n\t<div id=\"accordion-1731687386\" class=\"accordion-item\">\n\t\t<a id=\"accordion-1731687386-label\" class=\"accordion-title plain\" href=\"#accordion-item-kan-f\u00f6retag-som-handlar-dra-av-momsen?\" aria-expanded=\"false\" aria-controls=\"accordion-1731687386-content\" >\n\t\t\t<button class=\"toggle\" aria-label=\"Toggle\"><i class=\"icon-angle-down\"><\/i><\/button>\n\t\t\t<span>Kan f\u00f6retag som handlar dra av momsen?<\/span>\n\t\t<\/a>\n\t\t<div id=\"accordion-1731687386-content\" class=\"accordion-inner\" aria-labelledby=\"accordion-1731687386-label\" >\n\t\t\t\n\n\t<div id=\"text-1121450866\" class=\"text\">\n\t\t\n\n<p>Nej det g\u00e5r inte.<\/p>\n\t\t\n<style>\n#text-1121450866 {\n  color: rgb(0,0,0);\n}\n#text-1121450866 > * {\n  color: rgb(0,0,0);\n}\n<\/style>\n\t<\/div>\n\t\n\n\t\t<\/div>\n\t<\/div>\n\t\n\t<div id=\"accordion-576077221\" class=\"accordion-item\">\n\t\t<a id=\"accordion-576077221-label\" class=\"accordion-title plain\" href=\"#accordion-item-hur-betalas-vinsten-ut?\" aria-expanded=\"false\" aria-controls=\"accordion-576077221-content\" >\n\t\t\t<button class=\"toggle\" aria-label=\"Toggle\"><i class=\"icon-angle-down\"><\/i><\/button>\n\t\t\t<span>Hur betalas vinsten ut?<\/span>\n\t\t<\/a>\n\t\t<div id=\"accordion-576077221-content\" class=\"accordion-inner\" aria-labelledby=\"accordion-576077221-label\" >\n\t\t\t\n\n\t<div id=\"text-1139854311\" class=\"text\">\n\t\t\n\n<p>N\u00e4r ni h\u00e4mtar upp produkterna i vald butik skickar Klarna ut en faktura. \u00d6verskottet efter er betalning blir er vinst.<\/p>\n\n\t\t\n<style>\n#text-1139854311 {\n  color: rgb(0,0,0);\n}\n#text-1139854311 > * {\n  color: rgb(0,0,0);\n}\n<\/style>\n\t<\/div>\n\t\n\n\t\t<\/div>\n\t<\/div>\n\t\n\n<\/div>\n\n\t\t<\/div>\n\t\t\t\t\n<style>\n#col-59020717 > .col-inner {\n  padding: 20px 20px 20px 20px;\n  margin: 0px 0px 0px 0px;\n}\n<\/style>\n\t<\/div>\n\n\t\n\n\t<div id=\"col-647382449\" class=\"col stripe-inner yellow small-12 large-12\"  >\n\t\t\t\t<div class=\"col-inner\"  >\n\t\t\t\n\t\t\t\n\n<span class=\"scroll-to\" data-label=\"Scroll to: #produkter\" data-bullet=\"false\" data-link=\"#produkter\" data-title=\"produkter\" ><a name=\"produkter\"><\/a><\/span>\n\n\t<div id=\"text-2868005524\" class=\"text\">\n\t\t\n\n<h3>V\u00c5RA PRODUKTER<\/h3>\n\t\t\n<style>\n#text-2868005524 {\n  text-align: center;\n  color: rgb(0,0,0);\n}\n#text-2868005524 > * {\n  color: rgb(0,0,0);\n}\n<\/style>\n\t<\/div>\n\t\n<div class=\"accordion\">\n\n\t<div id=\"accordion-1113162446\" class=\"accordion-item\">\n\t\t<a id=\"accordion-1113162446-label\" class=\"accordion-title plain\" href=\"#accordion-item-hur-l\u00e5ng-\u00e4r-h\u00e5llbarheten-p\u00e5-produkterna?\" aria-expanded=\"false\" aria-controls=\"accordion-1113162446-content\" >\n\t\t\t<button class=\"toggle\" aria-label=\"Toggle\"><i class=\"icon-angle-down\"><\/i><\/button>\n\t\t\t<span>Hur l\u00e5ng \u00e4r h\u00e5llbarheten p\u00e5 produkterna?<\/span>\n\t\t<\/a>\n\t\t<div id=\"accordion-1113162446-content\" class=\"accordion-inner\" aria-labelledby=\"accordion-1113162446-label\" >\n\t\t\t\n\n\t<div id=\"text-960145272\" class=\"text\">\n\t\t\n\n<p>B\u00e4st f\u00f6re datum framg\u00e5r av varje produkts inneh\u00e5llsf\u00f6rteckning.<\/p>\n\t\t\n<style>\n#text-960145272 {\n  color: rgb(0,0,0);\n}\n#text-960145272 > * {\n  color: rgb(0,0,0);\n}\n<\/style>\n\t<\/div>\n\t\n\n\t\t<\/div>\n\t<\/div>\n\t\n\t<div id=\"accordion-617490300\" class=\"accordion-item\">\n\t\t<a id=\"accordion-617490300-label\" class=\"accordion-title plain\" href=\"#accordion-item-kan-en-kund-byta-och\/eller-reklamera-en-produkt?\" aria-expanded=\"false\" aria-controls=\"accordion-617490300-content\" >\n\t\t\t<button class=\"toggle\" aria-label=\"Toggle\"><i class=\"icon-angle-down\"><\/i><\/button>\n\t\t\t<span>Kan en kund byta och\/eller reklamera en produkt?<\/span>\n\t\t<\/a>\n\t\t<div id=\"accordion-617490300-content\" class=\"accordion-inner\" aria-labelledby=\"accordion-617490300-label\" >\n\t\t\t\n\n\t<div id=\"text-2334228705\" class=\"text\">\n\t\t\n\n<p>En kund kan tyv\u00e4rr inte byta produkt n\u00e4r kontaktpersonen skickat in best\u00e4llningen.<br \/>\nEn kund kan reklamera en produkt, d\u00e5 tar kontaktpersonen kontakt med butiken d\u00e4r produkterna h\u00e4mtades.<\/p>\n\t\t\n<style>\n#text-2334228705 {\n  color: rgb(0,0,0);\n}\n#text-2334228705 > * {\n  color: rgb(0,0,0);\n}\n<\/style>\n\t<\/div>\n\t\n\n\t\t<\/div>\n\t<\/div>\n\t\n\n<\/div>\n\n\t\t<\/div>\n\t\t\t\t\n<style>\n#col-647382449 > .col-inner {\n  padding: 20px 20px 20px 20px;\n  margin: 0px 0px 0px 0px;\n}\n<\/style>\n\t<\/div>\n\n\t\n\n<\/div>\n\t<div id=\"gap-704617757\" class=\"gap-element clearfix\" style=\"display:block; height:auto;\">\n\t\t\n<style>\n#gap-704617757 {\n  padding-top: 30px;\n}\n<\/style>\n\t<\/div>\n\t\n\n\n","protected":false},"excerpt":{"rendered":"","protected":false},"author":1,"featured_media":0,"parent":0,"menu_order":0,"comment_status":"closed","ping_status":"closed","template":"page-transparent-header.php","meta":{"_acf_changed":false,"footnotes":""},"class_list":["post-16","page","type-page","status-publish","hentry"],"acf":[],"yoast_head":"<!-- This site is optimized with the Yoast SEO plugin v26.6 - https:\/\/yoast.com\/wordpress\/plugins\/seo\/ -->\n<title>Vanliga fr\u00e5gor - Hemmakv\u00e4ll - F\u00f6rening<\/title>\n<meta name=\"robots\" content=\"index, follow, max-snippet:-1, max-image-preview:large, max-video-preview:-1\" \/>\n<link rel=\"canonical\" href=\"https:\/\/ayn.templweb.com\/forening\/vanliga-fragor\/\" \/>\n<meta property=\"og:locale\" content=\"sv_SE\" \/>\n<meta property=\"og:type\" content=\"article\" \/>\n<meta property=\"og:title\" content=\"Vanliga fr\u00e5gor - Hemmakv\u00e4ll - F\u00f6rening\" \/>\n<meta property=\"og:url\" content=\"https:\/\/ayn.templweb.com\/forening\/vanliga-fragor\/\" \/>\n<meta property=\"og:site_name\" content=\"Hemmakv\u00e4ll - F\u00f6rening\" \/>\n<meta property=\"article:modified_time\" content=\"2023-12-21T10:01:21+00:00\" \/>\n<meta property=\"og:image\" content=\"https:\/\/ayn.templweb.com\/forening\/wp-content\/uploads\/sites\/3\/2023\/12\/sektion_21_square.jpg\" \/>\n\t<meta property=\"og:image:width\" content=\"1200\" \/>\n\t<meta property=\"og:image:height\" content=\"1200\" \/>\n\t<meta property=\"og:image:type\" content=\"image\/jpeg\" \/>\n<meta name=\"twitter:card\" content=\"summary_large_image\" \/>\n<meta name=\"twitter:label1\" content=\"Ber\u00e4knad l\u00e4stid\" \/>\n\t<meta name=\"twitter:data1\" content=\"4 minuter\" \/>\n<script type=\"application\/ld+json\" class=\"yoast-schema-graph\">{\"@context\":\"https:\/\/schema.org\",\"@graph\":[{\"@type\":\"WebPage\",\"@id\":\"https:\/\/ayn.templweb.com\/forening\/vanliga-fragor\/\",\"url\":\"https:\/\/ayn.templweb.com\/forening\/vanliga-fragor\/\",\"name\":\"Vanliga fr\u00e5gor - Hemmakv\u00e4ll - F\u00f6rening\",\"isPartOf\":{\"@id\":\"https:\/\/ayn.templweb.com\/forening\/#website\"},\"datePublished\":\"2023-10-16T12:59:05+00:00\",\"dateModified\":\"2023-12-21T10:01:21+00:00\",\"breadcrumb\":{\"@id\":\"https:\/\/ayn.templweb.com\/forening\/vanliga-fragor\/#breadcrumb\"},\"inLanguage\":\"sv-SE\",\"potentialAction\":[{\"@type\":\"ReadAction\",\"target\":[\"https:\/\/ayn.templweb.com\/forening\/vanliga-fragor\/\"]}]},{\"@type\":\"BreadcrumbList\",\"@id\":\"https:\/\/ayn.templweb.com\/forening\/vanliga-fragor\/#breadcrumb\",\"itemListElement\":[{\"@type\":\"ListItem\",\"position\":1,\"name\":\"Hem\",\"item\":\"https:\/\/ayn.templweb.com\/forening\/\"},{\"@type\":\"ListItem\",\"position\":2,\"name\":\"Vanliga fr\u00e5gor\"}]},{\"@type\":\"WebSite\",\"@id\":\"https:\/\/ayn.templweb.com\/forening\/#website\",\"url\":\"https:\/\/ayn.templweb.com\/forening\/\",\"name\":\"Hemmakv\u00e4ll - F\u00f6rening\",\"description\":\"\",\"publisher\":{\"@id\":\"https:\/\/ayn.templweb.com\/forening\/#organization\"},\"potentialAction\":[{\"@type\":\"SearchAction\",\"target\":{\"@type\":\"EntryPoint\",\"urlTemplate\":\"https:\/\/ayn.templweb.com\/forening\/?s={search_term_string}\"},\"query-input\":{\"@type\":\"PropertyValueSpecification\",\"valueRequired\":true,\"valueName\":\"search_term_string\"}}],\"inLanguage\":\"sv-SE\"},{\"@type\":\"Organization\",\"@id\":\"https:\/\/ayn.templweb.com\/forening\/#organization\",\"name\":\"Hemmakv\u00e4ll - F\u00f6rening\",\"url\":\"https:\/\/ayn.templweb.com\/forening\/\",\"logo\":{\"@type\":\"ImageObject\",\"inLanguage\":\"sv-SE\",\"@id\":\"https:\/\/ayn.templweb.com\/forening\/#\/schema\/logo\/image\/\",\"url\":\"https:\/\/ayn.templweb.com\/forening\/wp-content\/uploads\/sites\/3\/2023\/12\/hemmakvall-logo-1200bl.png\",\"contentUrl\":\"https:\/\/ayn.templweb.com\/forening\/wp-content\/uploads\/sites\/3\/2023\/12\/hemmakvall-logo-1200bl.png\",\"width\":1201,\"height\":261,\"caption\":\"Hemmakv\u00e4ll - F\u00f6rening\"},\"image\":{\"@id\":\"https:\/\/ayn.templweb.com\/forening\/#\/schema\/logo\/image\/\"}}]}<\/script>\n<!-- \/ Yoast SEO plugin. -->","yoast_head_json":{"title":"Vanliga fr\u00e5gor - Hemmakv\u00e4ll - F\u00f6rening","robots":{"index":"index","follow":"follow","max-snippet":"max-snippet:-1","max-image-preview":"max-image-preview:large","max-video-preview":"max-video-preview:-1"},"canonical":"https:\/\/ayn.templweb.com\/forening\/vanliga-fragor\/","og_locale":"sv_SE","og_type":"article","og_title":"Vanliga fr\u00e5gor - Hemmakv\u00e4ll - F\u00f6rening","og_url":"https:\/\/ayn.templweb.com\/forening\/vanliga-fragor\/","og_site_name":"Hemmakv\u00e4ll - F\u00f6rening","article_modified_time":"2023-12-21T10:01:21+00:00","og_image":[{"width":1200,"height":1200,"url":"https:\/\/ayn.templweb.com\/forening\/wp-content\/uploads\/sites\/3\/2023\/12\/sektion_21_square.jpg","type":"image\/jpeg"}],"twitter_card":"summary_large_image","twitter_misc":{"Ber\u00e4knad l\u00e4stid":"4 minuter"},"schema":{"@context":"https:\/\/schema.org","@graph":[{"@type":"WebPage","@id":"https:\/\/ayn.templweb.com\/forening\/vanliga-fragor\/","url":"https:\/\/ayn.templweb.com\/forening\/vanliga-fragor\/","name":"Vanliga fr\u00e5gor - Hemmakv\u00e4ll - F\u00f6rening","isPartOf":{"@id":"https:\/\/ayn.templweb.com\/forening\/#website"},"datePublished":"2023-10-16T12:59:05+00:00","dateModified":"2023-12-21T10:01:21+00:00","breadcrumb":{"@id":"https:\/\/ayn.templweb.com\/forening\/vanliga-fragor\/#breadcrumb"},"inLanguage":"sv-SE","potentialAction":[{"@type":"ReadAction","target":["https:\/\/ayn.templweb.com\/forening\/vanliga-fragor\/"]}]},{"@type":"BreadcrumbList","@id":"https:\/\/ayn.templweb.com\/forening\/vanliga-fragor\/#breadcrumb","itemListElement":[{"@type":"ListItem","position":1,"name":"Hem","item":"https:\/\/ayn.templweb.com\/forening\/"},{"@type":"ListItem","position":2,"name":"Vanliga fr\u00e5gor"}]},{"@type":"WebSite","@id":"https:\/\/ayn.templweb.com\/forening\/#website","url":"https:\/\/ayn.templweb.com\/forening\/","name":"Hemmakv\u00e4ll - F\u00f6rening","description":"","publisher":{"@id":"https:\/\/ayn.templweb.com\/forening\/#organization"},"potentialAction":[{"@type":"SearchAction","target":{"@type":"EntryPoint","urlTemplate":"https:\/\/ayn.templweb.com\/forening\/?s={search_term_string}"},"query-input":{"@type":"PropertyValueSpecification","valueRequired":true,"valueName":"search_term_string"}}],"inLanguage":"sv-SE"},{"@type":"Organization","@id":"https:\/\/ayn.templweb.com\/forening\/#organization","name":"Hemmakv\u00e4ll - F\u00f6rening","url":"https:\/\/ayn.templweb.com\/forening\/","logo":{"@type":"ImageObject","inLanguage":"sv-SE","@id":"https:\/\/ayn.templweb.com\/forening\/#\/schema\/logo\/image\/","url":"https:\/\/ayn.templweb.com\/forening\/wp-content\/uploads\/sites\/3\/2023\/12\/hemmakvall-logo-1200bl.png","contentUrl":"https:\/\/ayn.templweb.com\/forening\/wp-content\/uploads\/sites\/3\/2023\/12\/hemmakvall-logo-1200bl.png","width":1201,"height":261,"caption":"Hemmakv\u00e4ll - F\u00f6rening"},"image":{"@id":"https:\/\/ayn.templweb.com\/forening\/#\/schema\/logo\/image\/"}}]}},"_links":{"self":[{"href":"https:\/\/ayn.templweb.com\/forening\/wp-json\/wp\/v2\/pages\/16","targetHints":{"allow":["GET"]}}],"collection":[{"href":"https:\/\/ayn.templweb.com\/forening\/wp-json\/wp\/v2\/pages"}],"about":[{"href":"https:\/\/ayn.templweb.com\/forening\/wp-json\/wp\/v2\/types\/page"}],"author":[{"embeddable":true,"href":"https:\/\/ayn.templweb.com\/forening\/wp-json\/wp\/v2\/users\/1"}],"replies":[{"embeddable":true,"href":"https:\/\/ayn.templweb.com\/forening\/wp-json\/wp\/v2\/comments?post=16"}],"version-history":[{"count":47,"href":"https:\/\/ayn.templweb.com\/forening\/wp-json\/wp\/v2\/pages\/16\/revisions"}],"predecessor-version":[{"id":1535,"href":"https:\/\/ayn.templweb.com\/forening\/wp-json\/wp\/v2\/pages\/16\/revisions\/1535"}],"wp:attachment":[{"href":"https:\/\/ayn.templweb.com\/forening\/wp-json\/wp\/v2\/media?parent=16"}],"curies":[{"name":"wp","href":"https:\/\/api.w.org\/{rel}","templated":true}]}}