{"id":1427,"date":"2023-12-19T15:23:36","date_gmt":"2023-12-19T14:23:36","guid":{"rendered":"https:\/\/ayn.templweb.com\/forening\/?page_id=1427"},"modified":"2024-02-09T14:00:23","modified_gmt":"2024-02-09T13:00:23","slug":"hitta-butik","status":"publish","type":"page","link":"https:\/\/ayn.templweb.com\/forening\/hitta-butik\/","title":{"rendered":"Hitta butik"},"content":{"rendered":"\n\n  <div class=\"banner has-hover stripe yellow\" id=\"banner-1856652655\">\n          <div class=\"banner-inner fill\">\n        <div class=\"banner-bg fill\" >\n            <div class=\"bg fill bg-fill \"><\/div>\n                                    \n                    <\/div>\n\t\t\n\t<div class=\"ux-shape-divider ux-shape-divider--bottom ux-shape-divider--style-curve\">\n\t\t<svg viewBox=\"0 0 1000 100\" xmlns=\"http:\/\/www.w3.org\/2000\/svg\" preserveAspectRatio=\"none\">\n\t<path class=\"ux-shape-fill\" d=\"M0 0C0 0 200 50 500 50C800 50 1000 0 1000 0V101H0V1V0Z\"\/>\n<\/svg>\n\t<\/div>\n        <div class=\"banner-layers container\">\n            <div class=\"fill banner-link\"><\/div>            \n\n   <div id=\"text-box-2091932392\" class=\"text-box banner-layer x50 md-x50 lg-x50 y35 md-y50 lg-y50 res-text\">\n                                <div class=\"text-box-content text dark\">\n              \n              <div class=\"text-inner text-center\">\n                  \n\n\t<div id=\"text-1662350375\" class=\"text hero_undertext\">\n\t\t\n\n<h1>HITTA BUTIK<\/h1>\n\t\t\t<\/div>\n\t\n\n              <\/div>\n           <\/div>\n                            \n<style>\n#text-box-2091932392 {\n  width: 96%;\n}\n#text-box-2091932392 .text-box-content {\n  font-size: 100%;\n}\n@media (min-width:550px) {\n  #text-box-2091932392 {\n    width: 97%;\n  }\n}\n@media (min-width:850px) {\n  #text-box-2091932392 {\n    width: 60%;\n  }\n}\n<\/style>\n    <\/div>\n \n\n        <\/div>\n      <\/div>\n\n            \n<style>\n#banner-1856652655 {\n  padding-top: 510px;\n}\n#banner-1856652655 .ux-shape-divider--bottom svg {\n  height: 150px;\n  --divider-width: 220%;\n}\n@media (min-width:550px) {\n  #banner-1856652655 {\n    padding-top: 650px;\n  }\n  #banner-1856652655 .ux-shape-divider--bottom svg {\n    --divider-width: 155%;\n  }\n}\n@media (min-width:850px) {\n  #banner-1856652655 {\n    padding-top: 423px;\n  }\n}\n<\/style>\n  <\/div>\n\n\n<div class=\"row row-small align-center\"  id=\"row-429831505\">\n\n\n\t<div id=\"col-365892332\" class=\"col medium-3 small-6 large-3\"  >\n\t\t\t\t<div class=\"col-inner\"  >\n\t\t\t\n\t\t\t\n\n\t<div id=\"text-3551280518\" class=\"text\">\n\t\t\n\n<h3>Vi finns p\u00e5<\/h3>\n\t\t\n<style>\n#text-3551280518 {\n  text-align: right;\n}\n<\/style>\n\t<\/div>\n\t\n\n\t\t<\/div>\n\t\t\t\t\t<\/div>\n\n\t\n\n\t<div id=\"col-1107975435\" class=\"col medium-3 small-6 large-3\"  >\n\t\t\t\t<div class=\"col-inner\"  >\n\t\t\t\n\t\t\t\n\n\t<div class=\"img has-hover x md-x lg-x y md-y lg-y\" id=\"image_1921389889\">\n\t\t\t\t\t\t\t\t<div class=\"img-inner dark\" >\n\t\t\t<img loading=\"lazy\" decoding=\"async\" width=\"1921\" height=\"467\" src=\"https:\/\/ayn.templweb.com\/forening\/wp-content\/uploads\/sites\/3\/2024\/02\/foodora_hk_logo.png\" class=\"attachment-original size-original\" alt=\"\" srcset=\"https:\/\/ayn.templweb.com\/forening\/wp-content\/uploads\/sites\/3\/2024\/02\/foodora_hk_logo.png 1921w, https:\/\/ayn.templweb.com\/forening\/wp-content\/uploads\/sites\/3\/2024\/02\/foodora_hk_logo-300x73.png 300w, https:\/\/ayn.templweb.com\/forening\/wp-content\/uploads\/sites\/3\/2024\/02\/foodora_hk_logo-1024x249.png 1024w, https:\/\/ayn.templweb.com\/forening\/wp-content\/uploads\/sites\/3\/2024\/02\/foodora_hk_logo-768x187.png 768w, https:\/\/ayn.templweb.com\/forening\/wp-content\/uploads\/sites\/3\/2024\/02\/foodora_hk_logo-1536x373.png 1536w, https:\/\/ayn.templweb.com\/forening\/wp-content\/uploads\/sites\/3\/2024\/02\/foodora_hk_logo-600x146.png 600w\" sizes=\"auto, (max-width: 1921px) 100vw, 1921px\" \/>\t\t\t\t\t\t\n\t\t\t\t\t<\/div>\n\t\t\t\t\t\t\t\t\n<style>\n#image_1921389889 {\n  width: 74%;\n}\n@media (min-width:550px) {\n  #image_1921389889 {\n    width: 69%;\n  }\n}\n@media (min-width:850px) {\n  #image_1921389889 {\n    width: 45%;\n  }\n}\n<\/style>\n\t<\/div>\n\t\n\n\n\t\t<\/div>\n\t\t\t\t\n<style>\n#col-1107975435 > .col-inner {\n  margin: 4px 0px 0px 0px;\n}\n<\/style>\n\t<\/div>\n\n\t\n\n<\/div>\n<div class=\"row\"  id=\"row-504809274\">\n\n\n\t<div id=\"col-430913605\" class=\"col small-12 large-12\"  >\n\t\t\t\t<div class=\"col-inner text-center\"  >\n\t\t\t\n\t\t\t\n\n<a href=\"#foodora\" class=\"button primary lowercase\"  >\n    <span>Se om din butik \u00e4r ansluten<\/span>\n  <\/a>\n\n\n\n\t\t<\/div>\n\t\t\t\t\n<style>\n#col-430913605 > .col-inner {\n  padding: 0px 0px 0px 0px;\n}\n@media (min-width:550px) {\n  #col-430913605 > .col-inner {\n    padding: 0px 25px 0px 0px;\n  }\n}\n@media (min-width:850px) {\n  #col-430913605 > .col-inner {\n    padding: 0px 24px 0px 0px;\n  }\n}\n<\/style>\n\t<\/div>\n\n\t\n\n<\/div>\n<div class=\"row align-center\"  id=\"row-2043192144\">\n\n\n\t<div id=\"col-1255129093\" class=\"col medium-6 small-12 large-6\"  >\n\t\t\t\t<div class=\"col-inner\"  >\n\t\t\t\n\t\t\t\n\n\n\t\t<div class=\"icon-box featured-box icon-box-top text-left\"  >\n\t\t\t\t<div class=\"icon-box-text last-reset\">\n\t\t\t\t\t\t\t\t\t\n\n\t<div id=\"text-484142108\" class=\"text hidden\">\n\t\t\n\n<p>Vi levererar med Foodora! Se vilka butiker som erbjuder utk\u00f6rning <a href=\"#foodora\"><span style=\"text-decoration: underline;\"><strong>h\u00e4r<\/strong><\/span><\/a><\/p>\n\t\t\n<style>\n#text-484142108 {\n  text-align: center;\n}\n<\/style>\n\t<\/div>\n\t\n\n\t\t<\/div>\n\t<\/div>\n\t\n\t\n\n\t\t<\/div>\n\t\t\t\t\t<\/div>\n\n\t\n\n<\/div>\n<div class=\"row align-center\"  id=\"row-92312683\">\n\n\n\t<div id=\"col-1068484391\" class=\"col small-12 large-12\"  >\n\t\t\t\t<div class=\"col-inner text-center\"  >\n\t\t\t\n\t\t\t\n\n\n\n[SLPLUS]\n\n\n\t\t<\/div>\n\t\t\t\t\t<\/div>\n\n\t\n\n<\/div>\n\n\n\t<div id=\"foodora\"\n\t     class=\"lightbox-by-id lightbox-content mfp-hide lightbox-white \"\n\t     style=\"max-width:900px ;padding:0px\">\n\t\t \t<section class=\"section\" id=\"section_948165515\">\n\t\t<div class=\"bg section-bg fill bg-fill  bg-loaded\" >\n\n\t\t\t\n\t\t\t\n\t\t\t\n\n\t\t<\/div>\n\n\t\t\n\n\t\t<div class=\"section-content relative\">\n\t\t\t\n\n<div class=\"row align-center\"  id=\"row-1490040122\">\n\n\n\t<div id=\"col-1679565038\" class=\"col medium-8 small-12 large-8\"  >\n\t\t\t\t<div class=\"col-inner\" style=\"background-color:rgb(255,255,255);\" >\n\t\t\t\n\t\t\t\n\n\t<div id=\"text-43502162\" class=\"text\">\n\t\t\n\n<h2>Leverans med Foodora<\/h2>\n\t\t\n<style>\n#text-43502162 {\n  text-align: center;\n}\n<\/style>\n\t<\/div>\n\t\n\t<div id=\"text-3284479663\" class=\"text\">\n\t\t\n\n<p>Borl\u00e4nge, Sveagatan<br \/>Bor\u00e5s, Stora Brogatan<br \/>Falkenberg, Nygatan<br \/>Falun, H\u00e4lsingetorget<br \/>G\u00f6teborg, Fr\u00f6lunda Torg<br \/>G\u00f6teborg, Kongah\u00e4lla Center<br \/>G\u00f6teborg, Odinsplatsen<br \/>Halmstad, Fredriksvallsgatan<br \/>Halmstad, Hallarna k\u00f6pcentrum<br \/>Helsingborg, Gasverksgatan<br \/>Helsingborg, Hj\u00e4lmhultsgatan<br \/>Helsingborg, V\u00e4la k\u00f6pcentrum<br \/>J\u00f6nk\u00f6ping, Lantm\u00e4targr\u00e4nd<br \/>J\u00f6nk\u00f6ping, Kompanigatan<br \/>Kalmar, Fiskaregatan<br \/>Karlshamn, S\u00f6dra Fogdelyckegatan<br \/>Karlskrona, Parkgatan<br \/>Karlstad, \u00d6stra Torggatan<br \/>Kristianstad, C4<br \/>Kristianstad, \u00d6 Boulevarden<br \/>Kungsbacka, S\u00f6dra Torggatan<br \/>Landskrona, \u00d6stergatan<br \/>Lidk\u00f6ping, Skaragatan<br \/>Link\u00f6ping, Klostergatan<br \/>Lule\u00e5, Storgatan<br \/>Lund, Bankgatan<br \/>Malm\u00f6, Amiralsgatan<br \/>Malm\u00f6, Emporia<br \/>Malm\u00f6, Limhamn<br \/>Malm\u00f6, Regementsgatan<br \/>Malm\u00f6, Triangeln<br \/>M\u00f6lndal, G\u00f6teborgsv\u00e4gen<br \/>Norrk\u00f6ping, Drottninggatan<br \/>Norrt\u00e4lje, Billborgsgatan<br \/>Pite\u00e5, Uddmansgatan<br \/>Skellefte\u00e5, Nygatan<br \/>Sk\u00f6vde, S:t Sigfrids gata<br \/>Stockholm, Hammarby Sj\u00f6stad<br \/>Stockholm, Kista Galleria<br \/>Sundbyberg, Sturegatan<br \/>Sundsvall, Kyrkogatan<br \/>Trelleborg, Algatan<br \/>Trollh\u00e4ttan, Kungsgatan<br \/>Tyres\u00f6, Tyres\u00f6 Centrum<br \/>Uddevalla, Kungsgatan<br \/>Ume\u00e5, Storgatan<br \/>Uppsala, Drottninggatan<br \/>Varberg, V\u00e4stra Vallgatan<br \/>Visby, Skolportsgatan<br \/>V\u00e4nersborg, Kungsgatan<br \/>V\u00e4stervik, Gr\u00f6nsakstorget<br \/>V\u00e4ster\u00e5s, Vasagatan<br \/>V\u00e4xj\u00f6, Storgatan<br \/>V\u00e4xj\u00f6, Markenteriv\u00e4gen<br \/>Ystad, Stora \u00d6stergatan<br \/>\u00c4ngelholm, Storgatan<br \/>\u00d6rebro, Drottninggatan<br \/>\u00d6rnsk\u00f6ldsvik, Nygatan<br \/>\u00d6stersund, Storgatan<\/p>\n\t\t\n<style>\n#text-3284479663 {\n  text-align: left;\n  color: rgb(0,0,0);\n}\n#text-3284479663 > * {\n  color: rgb(0,0,0);\n}\n<\/style>\n\t<\/div>\n\t\n\n\t\t<\/div>\n\t\t\t\t\n<style>\n#col-1679565038 > .col-inner {\n  padding: 20px 20px 20px 20px;\n  border-radius: 10px;\n}\n<\/style>\n\t<\/div>\n\n\t\n\n<\/div>\n\n\t\t<\/div>\n\n\t\t\n<style>\n#section_948165515 {\n  padding-top: 30px;\n  padding-bottom: 30px;\n}\n<\/style>\n\t<\/section>\n\t\t<\/div>\n\t\n\t\n\n\n","protected":false},"excerpt":{"rendered":"","protected":false},"author":1,"featured_media":0,"parent":0,"menu_order":0,"comment_status":"closed","ping_status":"closed","template":"page-transparent-header.php","meta":{"_acf_changed":false,"footnotes":""},"class_list":["post-1427","page","type-page","status-publish","hentry"],"acf":[],"yoast_head":"<!-- This site is optimized with the Yoast SEO plugin v26.6 - https:\/\/yoast.com\/wordpress\/plugins\/seo\/ -->\n<title>Hitta butik - Hemmakv\u00e4ll - F\u00f6rening<\/title>\n<meta name=\"robots\" content=\"index, follow, max-snippet:-1, max-image-preview:large, max-video-preview:-1\" \/>\n<link rel=\"canonical\" href=\"https:\/\/ayn.templweb.com\/forening\/hitta-butik\/\" \/>\n<meta property=\"og:locale\" content=\"sv_SE\" \/>\n<meta property=\"og:type\" content=\"article\" \/>\n<meta property=\"og:title\" content=\"Hitta butik - Hemmakv\u00e4ll - F\u00f6rening\" \/>\n<meta property=\"og:url\" content=\"https:\/\/ayn.templweb.com\/forening\/hitta-butik\/\" \/>\n<meta property=\"og:site_name\" content=\"Hemmakv\u00e4ll - F\u00f6rening\" \/>\n<meta property=\"article:modified_time\" content=\"2024-02-09T13:00:23+00:00\" \/>\n<meta property=\"og:image\" content=\"https:\/\/ayn.templweb.com\/forening\/wp-content\/uploads\/sites\/3\/2023\/12\/sektion_21_square.jpg\" \/>\n\t<meta property=\"og:image:width\" content=\"1200\" \/>\n\t<meta property=\"og:image:height\" content=\"1200\" \/>\n\t<meta property=\"og:image:type\" content=\"image\/jpeg\" \/>\n<meta name=\"twitter:card\" content=\"summary_large_image\" \/>\n<meta name=\"twitter:label1\" content=\"Ber\u00e4knad l\u00e4stid\" \/>\n\t<meta name=\"twitter:data1\" content=\"1 minut\" \/>\n<script type=\"application\/ld+json\" class=\"yoast-schema-graph\">{\"@context\":\"https:\/\/schema.org\",\"@graph\":[{\"@type\":\"WebPage\",\"@id\":\"https:\/\/ayn.templweb.com\/forening\/hitta-butik\/\",\"url\":\"https:\/\/ayn.templweb.com\/forening\/hitta-butik\/\",\"name\":\"Hitta butik - Hemmakv\u00e4ll - F\u00f6rening\",\"isPartOf\":{\"@id\":\"https:\/\/ayn.templweb.com\/forening\/#website\"},\"datePublished\":\"2023-12-19T14:23:36+00:00\",\"dateModified\":\"2024-02-09T13:00:23+00:00\",\"breadcrumb\":{\"@id\":\"https:\/\/ayn.templweb.com\/forening\/hitta-butik\/#breadcrumb\"},\"inLanguage\":\"sv-SE\",\"potentialAction\":[{\"@type\":\"ReadAction\",\"target\":[\"https:\/\/ayn.templweb.com\/forening\/hitta-butik\/\"]}]},{\"@type\":\"BreadcrumbList\",\"@id\":\"https:\/\/ayn.templweb.com\/forening\/hitta-butik\/#breadcrumb\",\"itemListElement\":[{\"@type\":\"ListItem\",\"position\":1,\"name\":\"Hem\",\"item\":\"https:\/\/ayn.templweb.com\/forening\/\"},{\"@type\":\"ListItem\",\"position\":2,\"name\":\"Hitta butik\"}]},{\"@type\":\"WebSite\",\"@id\":\"https:\/\/ayn.templweb.com\/forening\/#website\",\"url\":\"https:\/\/ayn.templweb.com\/forening\/\",\"name\":\"Hemmakv\u00e4ll - F\u00f6rening\",\"description\":\"\",\"publisher\":{\"@id\":\"https:\/\/ayn.templweb.com\/forening\/#organization\"},\"potentialAction\":[{\"@type\":\"SearchAction\",\"target\":{\"@type\":\"EntryPoint\",\"urlTemplate\":\"https:\/\/ayn.templweb.com\/forening\/?s={search_term_string}\"},\"query-input\":{\"@type\":\"PropertyValueSpecification\",\"valueRequired\":true,\"valueName\":\"search_term_string\"}}],\"inLanguage\":\"sv-SE\"},{\"@type\":\"Organization\",\"@id\":\"https:\/\/ayn.templweb.com\/forening\/#organization\",\"name\":\"Hemmakv\u00e4ll - F\u00f6rening\",\"url\":\"https:\/\/ayn.templweb.com\/forening\/\",\"logo\":{\"@type\":\"ImageObject\",\"inLanguage\":\"sv-SE\",\"@id\":\"https:\/\/ayn.templweb.com\/forening\/#\/schema\/logo\/image\/\",\"url\":\"https:\/\/ayn.templweb.com\/forening\/wp-content\/uploads\/sites\/3\/2023\/12\/hemmakvall-logo-1200bl.png\",\"contentUrl\":\"https:\/\/ayn.templweb.com\/forening\/wp-content\/uploads\/sites\/3\/2023\/12\/hemmakvall-logo-1200bl.png\",\"width\":1201,\"height\":261,\"caption\":\"Hemmakv\u00e4ll - F\u00f6rening\"},\"image\":{\"@id\":\"https:\/\/ayn.templweb.com\/forening\/#\/schema\/logo\/image\/\"}}]}<\/script>\n<!-- \/ Yoast SEO plugin. -->","yoast_head_json":{"title":"Hitta butik - Hemmakv\u00e4ll - F\u00f6rening","robots":{"index":"index","follow":"follow","max-snippet":"max-snippet:-1","max-image-preview":"max-image-preview:large","max-video-preview":"max-video-preview:-1"},"canonical":"https:\/\/ayn.templweb.com\/forening\/hitta-butik\/","og_locale":"sv_SE","og_type":"article","og_title":"Hitta butik - Hemmakv\u00e4ll - F\u00f6rening","og_url":"https:\/\/ayn.templweb.com\/forening\/hitta-butik\/","og_site_name":"Hemmakv\u00e4ll - F\u00f6rening","article_modified_time":"2024-02-09T13:00:23+00:00","og_image":[{"width":1200,"height":1200,"url":"https:\/\/ayn.templweb.com\/forening\/wp-content\/uploads\/sites\/3\/2023\/12\/sektion_21_square.jpg","type":"image\/jpeg"}],"twitter_card":"summary_large_image","twitter_misc":{"Ber\u00e4knad l\u00e4stid":"1 minut"},"schema":{"@context":"https:\/\/schema.org","@graph":[{"@type":"WebPage","@id":"https:\/\/ayn.templweb.com\/forening\/hitta-butik\/","url":"https:\/\/ayn.templweb.com\/forening\/hitta-butik\/","name":"Hitta butik - Hemmakv\u00e4ll - F\u00f6rening","isPartOf":{"@id":"https:\/\/ayn.templweb.com\/forening\/#website"},"datePublished":"2023-12-19T14:23:36+00:00","dateModified":"2024-02-09T13:00:23+00:00","breadcrumb":{"@id":"https:\/\/ayn.templweb.com\/forening\/hitta-butik\/#breadcrumb"},"inLanguage":"sv-SE","potentialAction":[{"@type":"ReadAction","target":["https:\/\/ayn.templweb.com\/forening\/hitta-butik\/"]}]},{"@type":"BreadcrumbList","@id":"https:\/\/ayn.templweb.com\/forening\/hitta-butik\/#breadcrumb","itemListElement":[{"@type":"ListItem","position":1,"name":"Hem","item":"https:\/\/ayn.templweb.com\/forening\/"},{"@type":"ListItem","position":2,"name":"Hitta butik"}]},{"@type":"WebSite","@id":"https:\/\/ayn.templweb.com\/forening\/#website","url":"https:\/\/ayn.templweb.com\/forening\/","name":"Hemmakv\u00e4ll - F\u00f6rening","description":"","publisher":{"@id":"https:\/\/ayn.templweb.com\/forening\/#organization"},"potentialAction":[{"@type":"SearchAction","target":{"@type":"EntryPoint","urlTemplate":"https:\/\/ayn.templweb.com\/forening\/?s={search_term_string}"},"query-input":{"@type":"PropertyValueSpecification","valueRequired":true,"valueName":"search_term_string"}}],"inLanguage":"sv-SE"},{"@type":"Organization","@id":"https:\/\/ayn.templweb.com\/forening\/#organization","name":"Hemmakv\u00e4ll - F\u00f6rening","url":"https:\/\/ayn.templweb.com\/forening\/","logo":{"@type":"ImageObject","inLanguage":"sv-SE","@id":"https:\/\/ayn.templweb.com\/forening\/#\/schema\/logo\/image\/","url":"https:\/\/ayn.templweb.com\/forening\/wp-content\/uploads\/sites\/3\/2023\/12\/hemmakvall-logo-1200bl.png","contentUrl":"https:\/\/ayn.templweb.com\/forening\/wp-content\/uploads\/sites\/3\/2023\/12\/hemmakvall-logo-1200bl.png","width":1201,"height":261,"caption":"Hemmakv\u00e4ll - F\u00f6rening"},"image":{"@id":"https:\/\/ayn.templweb.com\/forening\/#\/schema\/logo\/image\/"}}]}},"_links":{"self":[{"href":"https:\/\/ayn.templweb.com\/forening\/wp-json\/wp\/v2\/pages\/1427","targetHints":{"allow":["GET"]}}],"collection":[{"href":"https:\/\/ayn.templweb.com\/forening\/wp-json\/wp\/v2\/pages"}],"about":[{"href":"https:\/\/ayn.templweb.com\/forening\/wp-json\/wp\/v2\/types\/page"}],"author":[{"embeddable":true,"href":"https:\/\/ayn.templweb.com\/forening\/wp-json\/wp\/v2\/users\/1"}],"replies":[{"embeddable":true,"href":"https:\/\/ayn.templweb.com\/forening\/wp-json\/wp\/v2\/comments?post=1427"}],"version-history":[{"count":5,"href":"https:\/\/ayn.templweb.com\/forening\/wp-json\/wp\/v2\/pages\/1427\/revisions"}],"predecessor-version":[{"id":1574,"href":"https:\/\/ayn.templweb.com\/forening\/wp-json\/wp\/v2\/pages\/1427\/revisions\/1574"}],"wp:attachment":[{"href":"https:\/\/ayn.templweb.com\/forening\/wp-json\/wp\/v2\/media?parent=1427"}],"curies":[{"name":"wp","href":"https:\/\/api.w.org\/{rel}","templated":true}]}}