{"id":14,"date":"2023-10-16T12:58:54","date_gmt":"2023-10-16T12:58:54","guid":{"rendered":"https:\/\/ayn.templweb.com\/?page_id=14"},"modified":"2024-02-14T12:12:42","modified_gmt":"2024-02-14T11:12:42","slug":"saljmaterial","status":"publish","type":"page","link":"https:\/\/ayn.templweb.com\/forening\/saljmaterial\/","title":{"rendered":"S\u00e4ljmaterial"},"content":{"rendered":"\n\n  <div class=\"banner has-hover stripe yellow\" id=\"banner-1411340939\">\n          <div class=\"banner-inner fill\">\n        <div class=\"banner-bg fill\" >\n            <div class=\"bg fill bg-fill \"><\/div>\n                                    \n                    <\/div>\n\t\t\n\t<div class=\"ux-shape-divider ux-shape-divider--bottom ux-shape-divider--style-curve\">\n\t\t<svg viewBox=\"0 0 1000 100\" xmlns=\"http:\/\/www.w3.org\/2000\/svg\" preserveAspectRatio=\"none\">\n\t<path class=\"ux-shape-fill\" d=\"M0 0C0 0 200 50 500 50C800 50 1000 0 1000 0V101H0V1V0Z\"\/>\n<\/svg>\n\t<\/div>\n        <div class=\"banner-layers container\">\n            <div class=\"fill banner-link\"><\/div>            \n\n   <div id=\"text-box-1355910738\" class=\"text-box banner-layer x50 md-x50 lg-x50 y85 md-y75 lg-y75 res-text\">\n                                <div class=\"text-box-content text dark\">\n              \n              <div class=\"text-inner text-center\">\n                  \n\n\t<div id=\"text-2809950982\" class=\"text hero_undertext\">\n\t\t\n\n<h1>MATERIAL F\u00d6R NEDLADDNING OCH UTSKRIFT<\/h1>\n<p>H\u00e4r hittar ni allt material ni kan t\u00e4nkas beh\u00f6va f\u00f6r att komma ig\u00e5ng med klass- och f\u00f6reningsf\u00f6rs\u00e4ljningen<\/p>\n\t\t\n<style>\n#text-2809950982 {\n  color: rgb(255,255,255);\n}\n#text-2809950982 > * {\n  color: rgb(255,255,255);\n}\n<\/style>\n\t<\/div>\n\t\n\n              <\/div>\n           <\/div>\n                            \n<style>\n#text-box-1355910738 {\n  width: 89%;\n}\n#text-box-1355910738 .text-box-content {\n  font-size: 100%;\n}\n@media (min-width:550px) {\n  #text-box-1355910738 {\n    width: 98%;\n  }\n}\n@media (min-width:850px) {\n  #text-box-1355910738 {\n    width: 82%;\n  }\n}\n<\/style>\n    <\/div>\n \n\n        <\/div>\n      <\/div>\n\n            \n<style>\n#banner-1411340939 {\n  padding-top: 550px;\n}\n#banner-1411340939 .ux-shape-divider--bottom svg {\n  height: 40px;\n  --divider-width: 150%;\n}\n@media (min-width:550px) {\n  #banner-1411340939 {\n    padding-top: 609px;\n  }\n  #banner-1411340939 .ux-shape-divider--bottom svg {\n    --divider-width: 100%;\n  }\n}\n@media (min-width:850px) {\n  #banner-1411340939 {\n    padding-top: 468px;\n  }\n}\n<\/style>\n  <\/div>\n\n\n<div class=\"row align-equal\"  id=\"row-1908956988\">\n\n\n\t<div id=\"col-1598021161\" class=\"col stripe-inner red medium-6 small-12 large-6\"  >\n\t\t\t\t<div class=\"col-inner\"  >\n\t\t\t\n\t\t\t\n\n\t<div class=\"box has-hover   has-hover box-vertical box-text-bottom\" >\n\n\t\t<div class=\"box-image\" style=\"width:35%;\">\n\t\t\t\t\t\t<div class=\"\" >\n\t\t\t\t<img loading=\"lazy\" decoding=\"async\" width=\"577\" height=\"821\" src=\"https:\/\/ayn.templweb.com\/forening\/wp-content\/uploads\/sites\/3\/2024\/02\/informationsblad_forening.png\" class=\"attachment- size-\" alt=\"\" srcset=\"https:\/\/ayn.templweb.com\/forening\/wp-content\/uploads\/sites\/3\/2024\/02\/informationsblad_forening.png 577w, https:\/\/ayn.templweb.com\/forening\/wp-content\/uploads\/sites\/3\/2024\/02\/informationsblad_forening-211x300.png 211w\" sizes=\"auto, (max-width: 577px) 100vw, 577px\" \/>\t\t\t\t\t\t\t\t\t\t\t<\/div>\n\t\t\t\t\t<\/div>\n\n\t\t<div class=\"box-text text-left\" >\n\t\t\t<div class=\"box-text-inner\">\n\t\t\t\t\n\n\t<div id=\"text-3844183356\" class=\"text\">\n\t\t\n\n<h4>INFORMATIONSBLAD<\/h4>\n<p>Information med vilka produkter som finns att s\u00e4lja och vad ni kommer att tj\u00e4na f\u00f6r varje s\u00e5ld produkt.<\/p>\n\t\t\n<style>\n#text-3844183356 {\n  font-size: 1rem;\n  text-align: left;\n  color: rgb(255,255,255);\n}\n#text-3844183356 > * {\n  color: rgb(255,255,255);\n}\n<\/style>\n\t<\/div>\n\t\n<a href=\"https:\/\/ayn.templweb.com\/forening\/wp-content\/uploads\/sites\/3\/2024\/02\/HK_Foreningsforsaljning_informationsblad_2024.pdf\" class=\"button white lowercase\"  >\n    <span>Ladda ner<\/span>\n  <\/a>\n\n\n\n\t\t\t<\/div>\n\t\t<\/div>\n\t<\/div>\n\t\n\n\t\t<\/div>\n\t\t\t\t\n<style>\n#col-1598021161 > .col-inner {\n  padding: 15px 15px 15px 15px;\n}\n<\/style>\n\t<\/div>\n\n\t\n\n\t<div id=\"col-444409087\" class=\"col stripe-inner turkos medium-6 small-12 large-6\"  >\n\t\t\t\t<div class=\"col-inner\"  >\n\t\t\t\n\t\t\t\n\n\t<div class=\"box has-hover   has-hover box-vertical box-text-bottom\" >\n\n\t\t<div class=\"box-image\" style=\"width:35%;\">\n\t\t\t\t\t\t<div class=\"\" >\n\t\t\t\t<img loading=\"lazy\" decoding=\"async\" width=\"455\" height=\"645\" src=\"https:\/\/ayn.templweb.com\/forening\/wp-content\/uploads\/sites\/3\/2024\/02\/HK_Foreningsforsaljning_saljblad_2024-1.png\" class=\"attachment- size-\" alt=\"\" srcset=\"https:\/\/ayn.templweb.com\/forening\/wp-content\/uploads\/sites\/3\/2024\/02\/HK_Foreningsforsaljning_saljblad_2024-1.png 455w, https:\/\/ayn.templweb.com\/forening\/wp-content\/uploads\/sites\/3\/2024\/02\/HK_Foreningsforsaljning_saljblad_2024-1-212x300.png 212w\" sizes=\"auto, (max-width: 455px) 100vw, 455px\" \/>\t\t\t\t\t\t\t\t\t\t\t<\/div>\n\t\t\t\t\t<\/div>\n\n\t\t<div class=\"box-text text-left\" >\n\t\t\t<div class=\"box-text-inner\">\n\t\t\t\t\n\n\t<div id=\"text-644641028\" class=\"text\">\n\t\t\n\n<h4><span style=\"color: #ffffff;\">S\u00c4LJBLAD<\/span><\/h4>\n<p>Detta \u00e4r produktbladet ni tar med till familj, grannar och kompisar.<\/p>\n\t\t\n<style>\n#text-644641028 {\n  font-size: 1rem;\n  text-align: left;\n  color: rgb(255,255,255);\n}\n#text-644641028 > * {\n  color: rgb(255,255,255);\n}\n<\/style>\n\t<\/div>\n\t\n<a href=\"https:\/\/ayn.templweb.com\/forening\/wp-content\/uploads\/sites\/3\/2024\/02\/HK_Foreningsforsaljning_saljblad_2024.pdf\" class=\"button white lowercase\"  >\n    <span>Ladda ner<\/span>\n  <\/a>\n\n\n\n\t\t\t<\/div>\n\t\t<\/div>\n\t<\/div>\n\t\n\n\t\t<\/div>\n\t\t\t\t\n<style>\n#col-444409087 > .col-inner {\n  padding: 15px 15px 15px 15px;\n}\n<\/style>\n\t<\/div>\n\n\t\n\n\t<div id=\"col-413192049\" class=\"col stripe-inner blue medium-6 small-12 large-6\"  >\n\t\t\t\t<div class=\"col-inner\"  >\n\t\t\t\n\t\t\t\n\n\t<div class=\"box has-hover   has-hover box-vertical box-text-bottom\" >\n\n\t\t<div class=\"box-image\" style=\"width:35%;\">\n\t\t\t\t\t\t<div class=\"\" >\n\t\t\t\t<img loading=\"lazy\" decoding=\"async\" width=\"1654\" height=\"2339\" src=\"https:\/\/ayn.templweb.com\/forening\/wp-content\/uploads\/sites\/3\/2023\/12\/HK_Foreningsforsaljning_bestallningslista.png\" class=\"attachment- size-\" alt=\"\" srcset=\"https:\/\/ayn.templweb.com\/forening\/wp-content\/uploads\/sites\/3\/2023\/12\/HK_Foreningsforsaljning_bestallningslista.png 1654w, https:\/\/ayn.templweb.com\/forening\/wp-content\/uploads\/sites\/3\/2023\/12\/HK_Foreningsforsaljning_bestallningslista-212x300.png 212w, https:\/\/ayn.templweb.com\/forening\/wp-content\/uploads\/sites\/3\/2023\/12\/HK_Foreningsforsaljning_bestallningslista-724x1024.png 724w, https:\/\/ayn.templweb.com\/forening\/wp-content\/uploads\/sites\/3\/2023\/12\/HK_Foreningsforsaljning_bestallningslista-768x1086.png 768w, https:\/\/ayn.templweb.com\/forening\/wp-content\/uploads\/sites\/3\/2023\/12\/HK_Foreningsforsaljning_bestallningslista-1086x1536.png 1086w, https:\/\/ayn.templweb.com\/forening\/wp-content\/uploads\/sites\/3\/2023\/12\/HK_Foreningsforsaljning_bestallningslista-1448x2048.png 1448w, https:\/\/ayn.templweb.com\/forening\/wp-content\/uploads\/sites\/3\/2023\/12\/HK_Foreningsforsaljning_bestallningslista-600x848.png 600w, https:\/\/ayn.templweb.com\/forening\/wp-content\/uploads\/sites\/3\/2023\/12\/HK_Foreningsforsaljning_bestallningslista-123x174.png 123w\" sizes=\"auto, (max-width: 1654px) 100vw, 1654px\" \/>\t\t\t\t\t\t\t\t\t\t\t<\/div>\n\t\t\t\t\t<\/div>\n\n\t\t<div class=\"box-text text-left\" >\n\t\t\t<div class=\"box-text-inner\">\n\t\t\t\t\n\n\t<div id=\"text-741145410\" class=\"text\">\n\t\t\n\n<h4>BEST\u00c4LLNINGSSLISTA<\/h4>\n<p>Med denna lista kan ni enkelt samla in era best\u00e4llningar som sedan sammanst\u00e4lls av eran kontaktperson<\/p>\n\t\t\n<style>\n#text-741145410 {\n  font-size: 1rem;\n  text-align: left;\n  color: rgb(255,255,255);\n}\n#text-741145410 > * {\n  color: rgb(255,255,255);\n}\n<\/style>\n\t<\/div>\n\t\n<a href=\"\/forening\/wp-content\/uploads\/sites\/3\/2023\/12\/HK_Foreningsforsaljning_bestallningslista.pdf\" class=\"button white lowercase\"  >\n    <span>Ladda ner<\/span>\n  <\/a>\n\n\n\n\t\t\t<\/div>\n\t\t<\/div>\n\t<\/div>\n\t\n\n\t\t<\/div>\n\t\t\t\t\n<style>\n#col-413192049 > .col-inner {\n  padding: 15px 15px 15px 15px;\n}\n<\/style>\n\t<\/div>\n\n\t\n\n\t<div id=\"col-613508868\" class=\"col stripe-inner yellow medium-6 small-12 large-6\"  >\n\t\t\t\t<div class=\"col-inner\"  >\n\t\t\t\n\t\t\t\n\n\t<div id=\"gap-274247839\" class=\"gap-element clearfix\" style=\"display:block; height:auto;\">\n\t\t\n<style>\n#gap-274247839 {\n  padding-top: 25px;\n}\n@media (min-width:850px) {\n  #gap-274247839 {\n    padding-top: 51px;\n  }\n}\n<\/style>\n\t<\/div>\n\t\n\n\t<div id=\"text-265043442\" class=\"text\">\n\t\t\n\n<h4>BEST\u00c4LLNINGSBEKR\u00c4FTELSE<\/h4>\n<p>Skulle de som k\u00f6per av er vilja ha kvittot? D\u00e5 kan ni enkelt ladda ner en mall f\u00f6r kvitton h\u00e4r!<\/p>\n\t\t\n<style>\n#text-265043442 {\n  font-size: 1rem;\n  color: rgb(255,255,255);\n}\n#text-265043442 > * {\n  color: rgb(255,255,255);\n}\n<\/style>\n\t<\/div>\n\t\n<a href=\"\/forening\/wp-content\/uploads\/sites\/3\/2023\/11\/Kvitto.pdf\" class=\"button white lowercase\"  >\n    <span>Ladda ner<\/span>\n  <\/a>\n\n\n\n\t\t<\/div>\n\t\t\t\t\n<style>\n#col-613508868 > .col-inner {\n  padding: 15px 60px 15px 21px;\n}\n@media (min-width:550px) {\n  #col-613508868 > .col-inner {\n    padding: 15px 60px 15px 60px;\n  }\n}\n<\/style>\n\t<\/div>\n\n\t\n\n<\/div>\n\t<div id=\"gap-218915563\" class=\"gap-element clearfix\" style=\"display:block; height:auto;\">\n\t\t\n<style>\n#gap-218915563 {\n  padding-top: 30px;\n}\n<\/style>\n\t<\/div>\n\t\n\n\n","protected":false},"excerpt":{"rendered":"","protected":false},"author":1,"featured_media":0,"parent":0,"menu_order":0,"comment_status":"closed","ping_status":"closed","template":"page-transparent-header.php","meta":{"_acf_changed":false,"footnotes":""},"class_list":["post-14","page","type-page","status-publish","hentry"],"acf":[],"yoast_head":"<!-- This site is optimized with the Yoast SEO plugin v26.6 - https:\/\/yoast.com\/wordpress\/plugins\/seo\/ -->\n<title>S\u00e4ljmaterial - Hemmakv\u00e4ll - F\u00f6rening<\/title>\n<meta name=\"robots\" content=\"index, follow, max-snippet:-1, max-image-preview:large, max-video-preview:-1\" \/>\n<link rel=\"canonical\" href=\"https:\/\/ayn.templweb.com\/forening\/saljmaterial\/\" \/>\n<meta property=\"og:locale\" content=\"sv_SE\" \/>\n<meta property=\"og:type\" content=\"article\" \/>\n<meta property=\"og:title\" content=\"S\u00e4ljmaterial - Hemmakv\u00e4ll - F\u00f6rening\" \/>\n<meta property=\"og:url\" content=\"https:\/\/ayn.templweb.com\/forening\/saljmaterial\/\" \/>\n<meta property=\"og:site_name\" content=\"Hemmakv\u00e4ll - F\u00f6rening\" \/>\n<meta property=\"article:modified_time\" content=\"2024-02-14T11:12:42+00:00\" \/>\n<meta property=\"og:image\" content=\"https:\/\/ayn.templweb.com\/forening\/wp-content\/uploads\/sites\/3\/2023\/12\/sektion_21_square.jpg\" \/>\n\t<meta property=\"og:image:width\" content=\"1200\" \/>\n\t<meta property=\"og:image:height\" content=\"1200\" \/>\n\t<meta property=\"og:image:type\" content=\"image\/jpeg\" \/>\n<meta name=\"twitter:card\" content=\"summary_large_image\" \/>\n<meta name=\"twitter:label1\" content=\"Ber\u00e4knad l\u00e4stid\" \/>\n\t<meta name=\"twitter:data1\" content=\"2 minuter\" \/>\n<script type=\"application\/ld+json\" class=\"yoast-schema-graph\">{\"@context\":\"https:\/\/schema.org\",\"@graph\":[{\"@type\":\"WebPage\",\"@id\":\"https:\/\/ayn.templweb.com\/forening\/saljmaterial\/\",\"url\":\"https:\/\/ayn.templweb.com\/forening\/saljmaterial\/\",\"name\":\"S\u00e4ljmaterial - Hemmakv\u00e4ll - F\u00f6rening\",\"isPartOf\":{\"@id\":\"https:\/\/ayn.templweb.com\/forening\/#website\"},\"datePublished\":\"2023-10-16T12:58:54+00:00\",\"dateModified\":\"2024-02-14T11:12:42+00:00\",\"breadcrumb\":{\"@id\":\"https:\/\/ayn.templweb.com\/forening\/saljmaterial\/#breadcrumb\"},\"inLanguage\":\"sv-SE\",\"potentialAction\":[{\"@type\":\"ReadAction\",\"target\":[\"https:\/\/ayn.templweb.com\/forening\/saljmaterial\/\"]}]},{\"@type\":\"BreadcrumbList\",\"@id\":\"https:\/\/ayn.templweb.com\/forening\/saljmaterial\/#breadcrumb\",\"itemListElement\":[{\"@type\":\"ListItem\",\"position\":1,\"name\":\"Hem\",\"item\":\"https:\/\/ayn.templweb.com\/forening\/\"},{\"@type\":\"ListItem\",\"position\":2,\"name\":\"S\u00e4ljmaterial\"}]},{\"@type\":\"WebSite\",\"@id\":\"https:\/\/ayn.templweb.com\/forening\/#website\",\"url\":\"https:\/\/ayn.templweb.com\/forening\/\",\"name\":\"Hemmakv\u00e4ll - F\u00f6rening\",\"description\":\"\",\"publisher\":{\"@id\":\"https:\/\/ayn.templweb.com\/forening\/#organization\"},\"potentialAction\":[{\"@type\":\"SearchAction\",\"target\":{\"@type\":\"EntryPoint\",\"urlTemplate\":\"https:\/\/ayn.templweb.com\/forening\/?s={search_term_string}\"},\"query-input\":{\"@type\":\"PropertyValueSpecification\",\"valueRequired\":true,\"valueName\":\"search_term_string\"}}],\"inLanguage\":\"sv-SE\"},{\"@type\":\"Organization\",\"@id\":\"https:\/\/ayn.templweb.com\/forening\/#organization\",\"name\":\"Hemmakv\u00e4ll - F\u00f6rening\",\"url\":\"https:\/\/ayn.templweb.com\/forening\/\",\"logo\":{\"@type\":\"ImageObject\",\"inLanguage\":\"sv-SE\",\"@id\":\"https:\/\/ayn.templweb.com\/forening\/#\/schema\/logo\/image\/\",\"url\":\"https:\/\/ayn.templweb.com\/forening\/wp-content\/uploads\/sites\/3\/2023\/12\/hemmakvall-logo-1200bl.png\",\"contentUrl\":\"https:\/\/ayn.templweb.com\/forening\/wp-content\/uploads\/sites\/3\/2023\/12\/hemmakvall-logo-1200bl.png\",\"width\":1201,\"height\":261,\"caption\":\"Hemmakv\u00e4ll - F\u00f6rening\"},\"image\":{\"@id\":\"https:\/\/ayn.templweb.com\/forening\/#\/schema\/logo\/image\/\"}}]}<\/script>\n<!-- \/ Yoast SEO plugin. -->","yoast_head_json":{"title":"S\u00e4ljmaterial - Hemmakv\u00e4ll - F\u00f6rening","robots":{"index":"index","follow":"follow","max-snippet":"max-snippet:-1","max-image-preview":"max-image-preview:large","max-video-preview":"max-video-preview:-1"},"canonical":"https:\/\/ayn.templweb.com\/forening\/saljmaterial\/","og_locale":"sv_SE","og_type":"article","og_title":"S\u00e4ljmaterial - Hemmakv\u00e4ll - F\u00f6rening","og_url":"https:\/\/ayn.templweb.com\/forening\/saljmaterial\/","og_site_name":"Hemmakv\u00e4ll - F\u00f6rening","article_modified_time":"2024-02-14T11:12:42+00:00","og_image":[{"width":1200,"height":1200,"url":"https:\/\/ayn.templweb.com\/forening\/wp-content\/uploads\/sites\/3\/2023\/12\/sektion_21_square.jpg","type":"image\/jpeg"}],"twitter_card":"summary_large_image","twitter_misc":{"Ber\u00e4knad l\u00e4stid":"2 minuter"},"schema":{"@context":"https:\/\/schema.org","@graph":[{"@type":"WebPage","@id":"https:\/\/ayn.templweb.com\/forening\/saljmaterial\/","url":"https:\/\/ayn.templweb.com\/forening\/saljmaterial\/","name":"S\u00e4ljmaterial - Hemmakv\u00e4ll - F\u00f6rening","isPartOf":{"@id":"https:\/\/ayn.templweb.com\/forening\/#website"},"datePublished":"2023-10-16T12:58:54+00:00","dateModified":"2024-02-14T11:12:42+00:00","breadcrumb":{"@id":"https:\/\/ayn.templweb.com\/forening\/saljmaterial\/#breadcrumb"},"inLanguage":"sv-SE","potentialAction":[{"@type":"ReadAction","target":["https:\/\/ayn.templweb.com\/forening\/saljmaterial\/"]}]},{"@type":"BreadcrumbList","@id":"https:\/\/ayn.templweb.com\/forening\/saljmaterial\/#breadcrumb","itemListElement":[{"@type":"ListItem","position":1,"name":"Hem","item":"https:\/\/ayn.templweb.com\/forening\/"},{"@type":"ListItem","position":2,"name":"S\u00e4ljmaterial"}]},{"@type":"WebSite","@id":"https:\/\/ayn.templweb.com\/forening\/#website","url":"https:\/\/ayn.templweb.com\/forening\/","name":"Hemmakv\u00e4ll - F\u00f6rening","description":"","publisher":{"@id":"https:\/\/ayn.templweb.com\/forening\/#organization"},"potentialAction":[{"@type":"SearchAction","target":{"@type":"EntryPoint","urlTemplate":"https:\/\/ayn.templweb.com\/forening\/?s={search_term_string}"},"query-input":{"@type":"PropertyValueSpecification","valueRequired":true,"valueName":"search_term_string"}}],"inLanguage":"sv-SE"},{"@type":"Organization","@id":"https:\/\/ayn.templweb.com\/forening\/#organization","name":"Hemmakv\u00e4ll - F\u00f6rening","url":"https:\/\/ayn.templweb.com\/forening\/","logo":{"@type":"ImageObject","inLanguage":"sv-SE","@id":"https:\/\/ayn.templweb.com\/forening\/#\/schema\/logo\/image\/","url":"https:\/\/ayn.templweb.com\/forening\/wp-content\/uploads\/sites\/3\/2023\/12\/hemmakvall-logo-1200bl.png","contentUrl":"https:\/\/ayn.templweb.com\/forening\/wp-content\/uploads\/sites\/3\/2023\/12\/hemmakvall-logo-1200bl.png","width":1201,"height":261,"caption":"Hemmakv\u00e4ll - F\u00f6rening"},"image":{"@id":"https:\/\/ayn.templweb.com\/forening\/#\/schema\/logo\/image\/"}}]}},"_links":{"self":[{"href":"https:\/\/ayn.templweb.com\/forening\/wp-json\/wp\/v2\/pages\/14","targetHints":{"allow":["GET"]}}],"collection":[{"href":"https:\/\/ayn.templweb.com\/forening\/wp-json\/wp\/v2\/pages"}],"about":[{"href":"https:\/\/ayn.templweb.com\/forening\/wp-json\/wp\/v2\/types\/page"}],"author":[{"embeddable":true,"href":"https:\/\/ayn.templweb.com\/forening\/wp-json\/wp\/v2\/users\/1"}],"replies":[{"embeddable":true,"href":"https:\/\/ayn.templweb.com\/forening\/wp-json\/wp\/v2\/comments?post=14"}],"version-history":[{"count":85,"href":"https:\/\/ayn.templweb.com\/forening\/wp-json\/wp\/v2\/pages\/14\/revisions"}],"predecessor-version":[{"id":1606,"href":"https:\/\/ayn.templweb.com\/forening\/wp-json\/wp\/v2\/pages\/14\/revisions\/1606"}],"wp:attachment":[{"href":"https:\/\/ayn.templweb.com\/forening\/wp-json\/wp\/v2\/media?parent=14"}],"curies":[{"name":"wp","href":"https:\/\/api.w.org\/{rel}","templated":true}]}}